{"id":344,"date":"2017-01-23T12:31:42","date_gmt":"2017-01-23T12:31:42","guid":{"rendered":"https:\/\/www.sislibilgisayarci.com\/?product=lenovo-g550-20023-usb-kart"},"modified":"2024-04-06T09:14:49","modified_gmt":"2024-04-06T09:14:49","slug":"lenovo-g550-20023-usb-kart","status":"publish","type":"product","link":"http:\/\/www.sislibilgisayarci.com\/?product=lenovo-g550-20023-usb-kart","title":{"rendered":"LENOVO G550-20023 USB Kart"},"content":{"rendered":"<p>\u00dcr\u00fcn 2. Eldir.<\/p>\n<p>Kargo m\u00fc\u015fteriye aittir.<\/p>\n<p>Lenovo Ideapad G550<\/p>\n<p>LS-5083P<\/p>\n<p>&nbsp;<\/p>\n","protected":false},"excerpt":{"rendered":"<p>\u00dcr\u00fcn 2. Eldir. Kargo m\u00fc\u015fteriye aittir. Lenovo Ideapad G550 LS-5083P &nbsp;<\/p>\n","protected":false},"featured_media":337,"template":"","meta":[],"product_cat":[36],"product_tag":[269,265,70,270],"_links":{"self":[{"href":"http:\/\/www.sislibilgisayarci.com\/index.php?rest_route=\/wp\/v2\/product\/344"}],"collection":[{"href":"http:\/\/www.sislibilgisayarci.com\/index.php?rest_route=\/wp\/v2\/product"}],"about":[{"href":"http:\/\/www.sislibilgisayarci.com\/index.php?rest_route=\/wp\/v2\/types\/product"}],"wp:featuredmedia":[{"embeddable":true,"href":"http:\/\/www.sislibilgisayarci.com\/index.php?rest_route=\/wp\/v2\/media\/337"}],"wp:attachment":[{"href":"http:\/\/www.sislibilgisayarci.com\/index.php?rest_route=%2Fwp%2Fv2%2Fmedia&parent=344"}],"wp:term":[{"taxonomy":"product_cat","embeddable":true,"href":"http:\/\/www.sislibilgisayarci.com\/index.php?rest_route=%2Fwp%2Fv2%2Fproduct_cat&post=344"},{"taxonomy":"product_tag","embeddable":true,"href":"http:\/\/www.sislibilgisayarci.com\/index.php?rest_route=%2Fwp%2Fv2%2Fproduct_tag&post=344"}],"curies":[{"name":"wp","href":"https:\/\/api.w.org\/{rel}","templated":true}]}}