{"id":3458,"date":"2024-09-02T15:52:22","date_gmt":"2024-09-02T15:52:22","guid":{"rendered":"https:\/\/www.sislibilgisayarci.com\/?post_type=product&#038;p=3458"},"modified":"2024-09-02T15:52:23","modified_gmt":"2024-09-02T15:52:23","slug":"hp-15-ac-sag-sol-mentese","status":"publish","type":"product","link":"http:\/\/www.sislibilgisayarci.com\/?product=hp-15-ac-sag-sol-mentese","title":{"rendered":"HP 15-AC sa\u011f sol mente\u015fe"},"content":{"rendered":"<p>Mente\u015feler sa\u011flamd\u0131r.<\/p>\n<p>&nbsp;<\/p>\n<p>\u00dcr\u00fcn 2. eldir.<\/p>\n<p>Kargo \u00fccreti m\u00fc\u015fteriye aittir.<\/p>\n<p>Kargo fiyat\u0131 \u00fcr\u00fcn\u00fcn a\u011f\u0131rl\u0131k ve desisine g\u00f6re ve mesafeye g\u00f6re de\u011fi\u015fiklik g\u00f6stermektedir.<\/p>\n","protected":false},"excerpt":{"rendered":"<p>Mente\u015feler sa\u011flamd\u0131r. &nbsp; \u00dcr\u00fcn 2. eldir. Kargo \u00fccreti m\u00fc\u015fteriye aittir. Kargo fiyat\u0131 \u00fcr\u00fcn\u00fcn a\u011f\u0131rl\u0131k ve desisine g\u00f6re ve mesafeye g\u00f6re de\u011fi\u015fiklik g\u00f6stermektedir.<\/p>\n","protected":false},"featured_media":3459,"template":"","meta":[],"product_cat":[43],"product_tag":[2088],"_links":{"self":[{"href":"http:\/\/www.sislibilgisayarci.com\/index.php?rest_route=\/wp\/v2\/product\/3458"}],"collection":[{"href":"http:\/\/www.sislibilgisayarci.com\/index.php?rest_route=\/wp\/v2\/product"}],"about":[{"href":"http:\/\/www.sislibilgisayarci.com\/index.php?rest_route=\/wp\/v2\/types\/product"}],"wp:featuredmedia":[{"embeddable":true,"href":"http:\/\/www.sislibilgisayarci.com\/index.php?rest_route=\/wp\/v2\/media\/3459"}],"wp:attachment":[{"href":"http:\/\/www.sislibilgisayarci.com\/index.php?rest_route=%2Fwp%2Fv2%2Fmedia&parent=3458"}],"wp:term":[{"taxonomy":"product_cat","embeddable":true,"href":"http:\/\/www.sislibilgisayarci.com\/index.php?rest_route=%2Fwp%2Fv2%2Fproduct_cat&post=3458"},{"taxonomy":"product_tag","embeddable":true,"href":"http:\/\/www.sislibilgisayarci.com\/index.php?rest_route=%2Fwp%2Fv2%2Fproduct_tag&post=3458"}],"curies":[{"name":"wp","href":"https:\/\/api.w.org\/{rel}","templated":true}]}}