{"id":347,"date":"2017-01-23T13:19:17","date_gmt":"2017-01-23T13:19:17","guid":{"rendered":"https:\/\/www.sislibilgisayarci.com\/?product=toshiba-a665-a660-laptop-alt-kasa-k000106400"},"modified":"2024-04-06T09:14:48","modified_gmt":"2024-04-06T09:14:48","slug":"toshiba-a665-a660-laptop-alt-kasa-k000106400","status":"publish","type":"product","link":"http:\/\/www.sislibilgisayarci.com\/?product=toshiba-a665-a660-laptop-alt-kasa-k000106400","title":{"rendered":"Toshiba A665 &#8211; A660 Laptop Alt Kasa K000106400"},"content":{"rendered":"<p>\u00dcr\u00fcn 2. Eldir.<\/p>\n<p>Kargo m\u00fc\u015fteriye aittir.<\/p>\n<p>\u00dcr\u00fcn hasars\u0131zd\u0131r&#8230;<\/p>\n<p>Orj. Win7 Home Prem etiketi mevcuttur.<\/p>\n<p>Toshiba A665 &#8211; A660 Laptop Alt Kasa K000106400 WK A05K<\/p>\n<p>&nbsp;<\/p>\n<p>&nbsp;<\/p>\n","protected":false},"excerpt":{"rendered":"<p>\u00dcr\u00fcn 2. Eldir. Kargo m\u00fc\u015fteriye aittir. \u00dcr\u00fcn hasars\u0131zd\u0131r&#8230; Orj. Win7 Home Prem etiketi mevcuttur. Toshiba A665 &#8211; A660 Laptop Alt Kasa K000106400 WK A05K &nbsp; &nbsp;<\/p>\n","protected":false},"featured_media":348,"template":"","meta":[],"product_cat":[27],"product_tag":[68,51,46,271,47,118,69,272],"_links":{"self":[{"href":"http:\/\/www.sislibilgisayarci.com\/index.php?rest_route=\/wp\/v2\/product\/347"}],"collection":[{"href":"http:\/\/www.sislibilgisayarci.com\/index.php?rest_route=\/wp\/v2\/product"}],"about":[{"href":"http:\/\/www.sislibilgisayarci.com\/index.php?rest_route=\/wp\/v2\/types\/product"}],"wp:featuredmedia":[{"embeddable":true,"href":"http:\/\/www.sislibilgisayarci.com\/index.php?rest_route=\/wp\/v2\/media\/348"}],"wp:attachment":[{"href":"http:\/\/www.sislibilgisayarci.com\/index.php?rest_route=%2Fwp%2Fv2%2Fmedia&parent=347"}],"wp:term":[{"taxonomy":"product_cat","embeddable":true,"href":"http:\/\/www.sislibilgisayarci.com\/index.php?rest_route=%2Fwp%2Fv2%2Fproduct_cat&post=347"},{"taxonomy":"product_tag","embeddable":true,"href":"http:\/\/www.sislibilgisayarci.com\/index.php?rest_route=%2Fwp%2Fv2%2Fproduct_tag&post=347"}],"curies":[{"name":"wp","href":"https:\/\/api.w.org\/{rel}","templated":true}]}}