{"id":349,"date":"2017-01-23T13:35:18","date_gmt":"2017-01-23T13:35:18","guid":{"rendered":"https:\/\/www.sislibilgisayarci.com\/?product=toshiba-a665-a660-laptop-ekran-cover"},"modified":"2024-04-06T09:14:48","modified_gmt":"2024-04-06T09:14:48","slug":"toshiba-a665-a660-laptop-ekran-cover","status":"publish","type":"product","link":"http:\/\/www.sislibilgisayarci.com\/?product=toshiba-a665-a660-laptop-ekran-cover","title":{"rendered":"Toshiba A665 &#8211; A660 Laptop Ekran Cover"},"content":{"rendered":"<p>\u00dcr\u00fcn 2. Eldir.<\/p>\n<p>Kargo m\u00fc\u015fteriye aittir.<\/p>\n<p>Cover&#8217;\u0131n alt\u0131nda mente\u015felerin denk geldi\u011fi k\u0131s\u0131mda 2 ad. plastik par\u00e7a mevcut bunlardan biri eksik fakat sizdeki eski ile onu tamamlayabilirsiniz&#8230;<\/p>\n<p>&nbsp;<\/p>\n<p>&nbsp;<\/p>\n<p>&nbsp;<\/p>\n","protected":false},"excerpt":{"rendered":"<p>\u00dcr\u00fcn 2. Eldir. Kargo m\u00fc\u015fteriye aittir. Cover&#8217;\u0131n alt\u0131nda mente\u015felerin denk geldi\u011fi k\u0131s\u0131mda 2 ad. plastik par\u00e7a mevcut bunlardan biri eksik fakat sizdeki eski ile onu tamamlayabilirsiniz&#8230; &nbsp; &nbsp; &nbsp;<\/p>\n","protected":false},"featured_media":350,"template":"","meta":[],"product_cat":[218],"product_tag":[68,51,220,219,118,69],"_links":{"self":[{"href":"http:\/\/www.sislibilgisayarci.com\/index.php?rest_route=\/wp\/v2\/product\/349"}],"collection":[{"href":"http:\/\/www.sislibilgisayarci.com\/index.php?rest_route=\/wp\/v2\/product"}],"about":[{"href":"http:\/\/www.sislibilgisayarci.com\/index.php?rest_route=\/wp\/v2\/types\/product"}],"wp:featuredmedia":[{"embeddable":true,"href":"http:\/\/www.sislibilgisayarci.com\/index.php?rest_route=\/wp\/v2\/media\/350"}],"wp:attachment":[{"href":"http:\/\/www.sislibilgisayarci.com\/index.php?rest_route=%2Fwp%2Fv2%2Fmedia&parent=349"}],"wp:term":[{"taxonomy":"product_cat","embeddable":true,"href":"http:\/\/www.sislibilgisayarci.com\/index.php?rest_route=%2Fwp%2Fv2%2Fproduct_cat&post=349"},{"taxonomy":"product_tag","embeddable":true,"href":"http:\/\/www.sislibilgisayarci.com\/index.php?rest_route=%2Fwp%2Fv2%2Fproduct_tag&post=349"}],"curies":[{"name":"wp","href":"https:\/\/api.w.org\/{rel}","templated":true}]}}