{"id":3516,"date":"2025-02-14T08:24:38","date_gmt":"2025-02-14T08:24:38","guid":{"rendered":"https:\/\/www.sislibilgisayarci.com\/?post_type=product&#038;p=3516"},"modified":"2025-02-14T08:24:39","modified_gmt":"2025-02-14T08:24:39","slug":"hp-elitebook-folio-9470m-anakart-arizali","status":"publish","type":"product","link":"http:\/\/www.sislibilgisayarci.com\/?product=hp-elitebook-folio-9470m-anakart-arizali","title":{"rendered":"HP Elitebook Folio 9470m anakart (ar\u0131zal\u0131)"},"content":{"rendered":"<p>HP Elitebook Folio 9470m anakart (ar\u0131zal\u0131)<br \/>\nTetikliyor g\u00f6r\u00fcnt\u00fc gelmiyor<\/p>\n<p>&nbsp;<\/p>\n<p>\u00dcr\u00fcn ikinci eldir.<\/p>\n<p>Kargo \u00fccreti al\u0131c\u0131ya aittir.<\/p>\n","protected":false},"excerpt":{"rendered":"<p>HP Elitebook Folio 9470m anakart (ar\u0131zal\u0131) Tetikliyor g\u00f6r\u00fcnt\u00fc gelmiyor &nbsp; \u00dcr\u00fcn ikinci eldir. Kargo \u00fccreti al\u0131c\u0131ya aittir.<\/p>\n","protected":false},"featured_media":3517,"template":"","meta":[],"product_cat":[36],"product_tag":[],"_links":{"self":[{"href":"http:\/\/www.sislibilgisayarci.com\/index.php?rest_route=\/wp\/v2\/product\/3516"}],"collection":[{"href":"http:\/\/www.sislibilgisayarci.com\/index.php?rest_route=\/wp\/v2\/product"}],"about":[{"href":"http:\/\/www.sislibilgisayarci.com\/index.php?rest_route=\/wp\/v2\/types\/product"}],"wp:featuredmedia":[{"embeddable":true,"href":"http:\/\/www.sislibilgisayarci.com\/index.php?rest_route=\/wp\/v2\/media\/3517"}],"wp:attachment":[{"href":"http:\/\/www.sislibilgisayarci.com\/index.php?rest_route=%2Fwp%2Fv2%2Fmedia&parent=3516"}],"wp:term":[{"taxonomy":"product_cat","embeddable":true,"href":"http:\/\/www.sislibilgisayarci.com\/index.php?rest_route=%2Fwp%2Fv2%2Fproduct_cat&post=3516"},{"taxonomy":"product_tag","embeddable":true,"href":"http:\/\/www.sislibilgisayarci.com\/index.php?rest_route=%2Fwp%2Fv2%2Fproduct_tag&post=3516"}],"curies":[{"name":"wp","href":"https:\/\/api.w.org\/{rel}","templated":true}]}}