{"id":3537,"date":"2025-03-06T11:31:14","date_gmt":"2025-03-06T11:31:14","guid":{"rendered":"https:\/\/www.sislibilgisayarci.com\/?post_type=product&#038;p=3537"},"modified":"2025-03-06T12:22:10","modified_gmt":"2025-03-06T12:22:10","slug":"samsung-np270-np270e5j-np270e5e-lcd-kablosu","status":"publish","type":"product","link":"http:\/\/www.sislibilgisayarci.com\/?product=samsung-np270-np270e5j-np270e5e-lcd-kablosu","title":{"rendered":"Samsung NP270 NP270E5J NP270E5E LCD Kablosu"},"content":{"rendered":"<p>&nbsp;<\/p>\n<p>&nbsp;<\/p>\n<p>\u00dcr\u00fcn s\u0131f\u0131rd\u0131r.<\/p>\n<p>Kargo \u00fccreti al\u0131c\u0131ya aittir.<\/p>\n","protected":false},"excerpt":{"rendered":"<p>&nbsp; &nbsp; \u00dcr\u00fcn s\u0131f\u0131rd\u0131r. Kargo \u00fccreti al\u0131c\u0131ya aittir.<\/p>\n","protected":false},"featured_media":3538,"template":"","meta":[],"product_cat":[232],"product_tag":[],"_links":{"self":[{"href":"http:\/\/www.sislibilgisayarci.com\/index.php?rest_route=\/wp\/v2\/product\/3537"}],"collection":[{"href":"http:\/\/www.sislibilgisayarci.com\/index.php?rest_route=\/wp\/v2\/product"}],"about":[{"href":"http:\/\/www.sislibilgisayarci.com\/index.php?rest_route=\/wp\/v2\/types\/product"}],"wp:featuredmedia":[{"embeddable":true,"href":"http:\/\/www.sislibilgisayarci.com\/index.php?rest_route=\/wp\/v2\/media\/3538"}],"wp:attachment":[{"href":"http:\/\/www.sislibilgisayarci.com\/index.php?rest_route=%2Fwp%2Fv2%2Fmedia&parent=3537"}],"wp:term":[{"taxonomy":"product_cat","embeddable":true,"href":"http:\/\/www.sislibilgisayarci.com\/index.php?rest_route=%2Fwp%2Fv2%2Fproduct_cat&post=3537"},{"taxonomy":"product_tag","embeddable":true,"href":"http:\/\/www.sislibilgisayarci.com\/index.php?rest_route=%2Fwp%2Fv2%2Fproduct_tag&post=3537"}],"curies":[{"name":"wp","href":"https:\/\/api.w.org\/{rel}","templated":true}]}}