{"id":357,"date":"2017-01-23T13:47:57","date_gmt":"2017-01-23T13:47:57","guid":{"rendered":"https:\/\/www.sislibilgisayarci.com\/?product=hp-dv9378ea-ust-kasa"},"modified":"2024-04-06T09:14:48","modified_gmt":"2024-04-06T09:14:48","slug":"hp-dv9378ea-ust-kasa","status":"publish","type":"product","link":"http:\/\/www.sislibilgisayarci.com\/?product=hp-dv9378ea-ust-kasa","title":{"rendered":"HP DV9378ea \u00dcst Kasa"},"content":{"rendered":"<p>\u00dcr\u00fcn 2. Eldir.<\/p>\n<p>Kargo m\u00fc\u015fteriye aittir.<\/p>\n<p>\u00dcst kasan\u0131n touchpad k\u0131sm\u0131nda zedelenmeler mevcuttur. Ya\u015f\u0131na g\u00f6re temiz bir haldedir.<\/p>\n<p>&nbsp;<\/p>\n","protected":false},"excerpt":{"rendered":"<p>\u00dcr\u00fcn 2. Eldir. Kargo m\u00fc\u015fteriye aittir. \u00dcst kasan\u0131n touchpad k\u0131sm\u0131nda zedelenmeler mevcuttur. Ya\u015f\u0131na g\u00f6re temiz bir haldedir. &nbsp;<\/p>\n","protected":false},"featured_media":355,"template":"","meta":[],"product_cat":[213],"product_tag":[274,273,77,47,216],"_links":{"self":[{"href":"http:\/\/www.sislibilgisayarci.com\/index.php?rest_route=\/wp\/v2\/product\/357"}],"collection":[{"href":"http:\/\/www.sislibilgisayarci.com\/index.php?rest_route=\/wp\/v2\/product"}],"about":[{"href":"http:\/\/www.sislibilgisayarci.com\/index.php?rest_route=\/wp\/v2\/types\/product"}],"wp:featuredmedia":[{"embeddable":true,"href":"http:\/\/www.sislibilgisayarci.com\/index.php?rest_route=\/wp\/v2\/media\/355"}],"wp:attachment":[{"href":"http:\/\/www.sislibilgisayarci.com\/index.php?rest_route=%2Fwp%2Fv2%2Fmedia&parent=357"}],"wp:term":[{"taxonomy":"product_cat","embeddable":true,"href":"http:\/\/www.sislibilgisayarci.com\/index.php?rest_route=%2Fwp%2Fv2%2Fproduct_cat&post=357"},{"taxonomy":"product_tag","embeddable":true,"href":"http:\/\/www.sislibilgisayarci.com\/index.php?rest_route=%2Fwp%2Fv2%2Fproduct_tag&post=357"}],"curies":[{"name":"wp","href":"https:\/\/api.w.org\/{rel}","templated":true}]}}