{"id":376,"date":"2017-01-25T11:49:21","date_gmt":"2017-01-25T11:49:21","guid":{"rendered":"https:\/\/www.sislibilgisayarci.com\/?product=intel-core-i3-380m-253ghz-pga988-laptop-islemci"},"modified":"2024-04-06T09:14:47","modified_gmt":"2024-04-06T09:14:47","slug":"intel-core-i3-380m-253ghz-pga988-laptop-islemci","status":"publish","type":"product","link":"http:\/\/www.sislibilgisayarci.com\/?product=intel-core-i3-380m-253ghz-pga988-laptop-islemci","title":{"rendered":"Intel Core i3-380M 2,53Ghz (PGA988) Laptop \u0130\u015flemci"},"content":{"rendered":"<p>\u00dcr\u00fcn 2. eldir.<\/p>\n<p>Kargo \u00fccreti m\u00fc\u015fteriye aittir.<\/p>\n","protected":false},"excerpt":{"rendered":"<p>\u00dcr\u00fcn 2. eldir. Kargo \u00fccreti m\u00fc\u015fteriye aittir.<\/p>\n","protected":false},"featured_media":377,"template":"","meta":[],"product_cat":[294],"product_tag":[308,307,306],"_links":{"self":[{"href":"http:\/\/www.sislibilgisayarci.com\/index.php?rest_route=\/wp\/v2\/product\/376"}],"collection":[{"href":"http:\/\/www.sislibilgisayarci.com\/index.php?rest_route=\/wp\/v2\/product"}],"about":[{"href":"http:\/\/www.sislibilgisayarci.com\/index.php?rest_route=\/wp\/v2\/types\/product"}],"wp:featuredmedia":[{"embeddable":true,"href":"http:\/\/www.sislibilgisayarci.com\/index.php?rest_route=\/wp\/v2\/media\/377"}],"wp:attachment":[{"href":"http:\/\/www.sislibilgisayarci.com\/index.php?rest_route=%2Fwp%2Fv2%2Fmedia&parent=376"}],"wp:term":[{"taxonomy":"product_cat","embeddable":true,"href":"http:\/\/www.sislibilgisayarci.com\/index.php?rest_route=%2Fwp%2Fv2%2Fproduct_cat&post=376"},{"taxonomy":"product_tag","embeddable":true,"href":"http:\/\/www.sislibilgisayarci.com\/index.php?rest_route=%2Fwp%2Fv2%2Fproduct_tag&post=376"}],"curies":[{"name":"wp","href":"https:\/\/api.w.org\/{rel}","templated":true}]}}