{"id":420,"date":"2017-01-27T13:45:23","date_gmt":"2017-01-27T13:45:23","guid":{"rendered":"https:\/\/www.sislibilgisayarci.com\/?product=sony-vaio-vpcea4s1e-pcg-61211m-m961-rj45-ethernet-kablosu"},"modified":"2024-04-06T09:14:47","modified_gmt":"2024-04-06T09:14:47","slug":"sony-vaio-vpcea4s1e-pcg-61211m-m961-rj45-ethernet-kablosu","status":"publish","type":"product","link":"http:\/\/www.sislibilgisayarci.com\/?product=sony-vaio-vpcea4s1e-pcg-61211m-m961-rj45-ethernet-kablosu","title":{"rendered":"Sony Vaio VPCEA4S1E PCG-61211M M961 Rj45 Ethernet Kablosu"},"content":{"rendered":"<p>\u00dcr\u00fcn 2. eldir.<\/p>\n<p>Kargo \u00fccreti\u00a0al\u0131c\u0131ya aittir.<\/p>\n","protected":false},"excerpt":{"rendered":"<p>\u00dcr\u00fcn 2. eldir. Kargo \u00fccreti\u00a0al\u0131c\u0131ya aittir.<\/p>\n","protected":false},"featured_media":406,"template":"","meta":[],"product_cat":[232],"product_tag":[340,219,236,234,341,339,325,322,323,324],"_links":{"self":[{"href":"http:\/\/www.sislibilgisayarci.com\/index.php?rest_route=\/wp\/v2\/product\/420"}],"collection":[{"href":"http:\/\/www.sislibilgisayarci.com\/index.php?rest_route=\/wp\/v2\/product"}],"about":[{"href":"http:\/\/www.sislibilgisayarci.com\/index.php?rest_route=\/wp\/v2\/types\/product"}],"wp:featuredmedia":[{"embeddable":true,"href":"http:\/\/www.sislibilgisayarci.com\/index.php?rest_route=\/wp\/v2\/media\/406"}],"wp:attachment":[{"href":"http:\/\/www.sislibilgisayarci.com\/index.php?rest_route=%2Fwp%2Fv2%2Fmedia&parent=420"}],"wp:term":[{"taxonomy":"product_cat","embeddable":true,"href":"http:\/\/www.sislibilgisayarci.com\/index.php?rest_route=%2Fwp%2Fv2%2Fproduct_cat&post=420"},{"taxonomy":"product_tag","embeddable":true,"href":"http:\/\/www.sislibilgisayarci.com\/index.php?rest_route=%2Fwp%2Fv2%2Fproduct_tag&post=420"}],"curies":[{"name":"wp","href":"https:\/\/api.w.org\/{rel}","templated":true}]}}