{"id":422,"date":"2017-01-27T13:56:08","date_gmt":"2017-01-27T13:56:08","guid":{"rendered":"https:\/\/www.sislibilgisayarci.com\/?product=sony-vaio-vpcea46fm-vpcea3m1e-015-0101-1588-guc-acma-dugmesi"},"modified":"2024-04-06T09:14:46","modified_gmt":"2024-04-06T09:14:46","slug":"sony-vaio-vpcea46fm-vpcea3m1e-015-0101-1588-guc-acma-dugmesi","status":"publish","type":"product","link":"http:\/\/www.sislibilgisayarci.com\/?product=sony-vaio-vpcea46fm-vpcea3m1e-015-0101-1588-guc-acma-dugmesi","title":{"rendered":"Sony Va\u0131o VPCEA46FM VPCEA3M1E (015-0101-1588) G\u00fc\u00e7 A\u00e7ma D\u00fc\u011fmesi"},"content":{"rendered":"<p>\u00dcr\u00fcn 2. eldir.<\/p>\n<p>Kargo \u00fccreti\u00a0al\u0131c\u0131ya aittir.<\/p>\n","protected":false},"excerpt":{"rendered":"<p>\u00dcr\u00fcn 2. eldir. Kargo \u00fccreti\u00a0al\u0131c\u0131ya aittir.<\/p>\n","protected":false},"featured_media":423,"template":"","meta":[],"product_cat":[36],"product_tag":[345,347,229,346,325,322,323,324],"_links":{"self":[{"href":"http:\/\/www.sislibilgisayarci.com\/index.php?rest_route=\/wp\/v2\/product\/422"}],"collection":[{"href":"http:\/\/www.sislibilgisayarci.com\/index.php?rest_route=\/wp\/v2\/product"}],"about":[{"href":"http:\/\/www.sislibilgisayarci.com\/index.php?rest_route=\/wp\/v2\/types\/product"}],"wp:featuredmedia":[{"embeddable":true,"href":"http:\/\/www.sislibilgisayarci.com\/index.php?rest_route=\/wp\/v2\/media\/423"}],"wp:attachment":[{"href":"http:\/\/www.sislibilgisayarci.com\/index.php?rest_route=%2Fwp%2Fv2%2Fmedia&parent=422"}],"wp:term":[{"taxonomy":"product_cat","embeddable":true,"href":"http:\/\/www.sislibilgisayarci.com\/index.php?rest_route=%2Fwp%2Fv2%2Fproduct_cat&post=422"},{"taxonomy":"product_tag","embeddable":true,"href":"http:\/\/www.sislibilgisayarci.com\/index.php?rest_route=%2Fwp%2Fv2%2Fproduct_tag&post=422"}],"curies":[{"name":"wp","href":"https:\/\/api.w.org\/{rel}","templated":true}]}}