{"id":468,"date":"2017-02-03T11:17:53","date_gmt":"2017-02-03T11:17:53","guid":{"rendered":"https:\/\/www.sislibilgisayarci.com\/?product=toshiba-a200-a215-sabit-disk-kapagi-ap025000200"},"modified":"2024-04-06T09:14:45","modified_gmt":"2024-04-06T09:14:45","slug":"toshiba-a200-a215-sabit-disk-kapagi-ap025000200","status":"publish","type":"product","link":"http:\/\/www.sislibilgisayarci.com\/?product=toshiba-a200-a215-sabit-disk-kapagi-ap025000200","title":{"rendered":"Toshiba A200 &#8211; A215 Sabit Disk Kapa\u011f\u0131 (AP025000200)"},"content":{"rendered":"<p>\u00dcr\u00fcn 2. eldir.<\/p>\n<p>Kargo \u00fccreti m\u00fc\u015fteriye aittir.<\/p>\n","protected":false},"excerpt":{"rendered":"<p>\u00dcr\u00fcn 2. eldir. Kargo \u00fccreti m\u00fc\u015fteriye aittir.<\/p>\n","protected":false},"featured_media":459,"template":"","meta":[],"product_cat":[380],"product_tag":[370,381,386,41,384,385,50,383,69],"_links":{"self":[{"href":"http:\/\/www.sislibilgisayarci.com\/index.php?rest_route=\/wp\/v2\/product\/468"}],"collection":[{"href":"http:\/\/www.sislibilgisayarci.com\/index.php?rest_route=\/wp\/v2\/product"}],"about":[{"href":"http:\/\/www.sislibilgisayarci.com\/index.php?rest_route=\/wp\/v2\/types\/product"}],"wp:featuredmedia":[{"embeddable":true,"href":"http:\/\/www.sislibilgisayarci.com\/index.php?rest_route=\/wp\/v2\/media\/459"}],"wp:attachment":[{"href":"http:\/\/www.sislibilgisayarci.com\/index.php?rest_route=%2Fwp%2Fv2%2Fmedia&parent=468"}],"wp:term":[{"taxonomy":"product_cat","embeddable":true,"href":"http:\/\/www.sislibilgisayarci.com\/index.php?rest_route=%2Fwp%2Fv2%2Fproduct_cat&post=468"},{"taxonomy":"product_tag","embeddable":true,"href":"http:\/\/www.sislibilgisayarci.com\/index.php?rest_route=%2Fwp%2Fv2%2Fproduct_tag&post=468"}],"curies":[{"name":"wp","href":"https:\/\/api.w.org\/{rel}","templated":true}]}}