{"id":470,"date":"2017-02-03T11:19:50","date_gmt":"2017-02-03T11:19:50","guid":{"rendered":"https:\/\/www.sislibilgisayarci.com\/?product=toshiba-a200-a215-touchpad"},"modified":"2024-04-06T09:14:45","modified_gmt":"2024-04-06T09:14:45","slug":"toshiba-a200-a215-touchpad","status":"publish","type":"product","link":"http:\/\/www.sislibilgisayarci.com\/?product=toshiba-a200-a215-touchpad","title":{"rendered":"Toshiba A200 &#8211; A215 Touchpad"},"content":{"rendered":"<p>\u00dcr\u00fcn 2. eldir.<\/p>\n<p>Kargo \u00fccreti m\u00fc\u015fteriye aittir.<\/p>\n","protected":false},"excerpt":{"rendered":"<p>\u00dcr\u00fcn 2. eldir. Kargo \u00fccreti m\u00fc\u015fteriye aittir.<\/p>\n","protected":false},"featured_media":471,"template":"","meta":[],"product_cat":[387],"product_tag":[370,389,50,69,388],"_links":{"self":[{"href":"http:\/\/www.sislibilgisayarci.com\/index.php?rest_route=\/wp\/v2\/product\/470"}],"collection":[{"href":"http:\/\/www.sislibilgisayarci.com\/index.php?rest_route=\/wp\/v2\/product"}],"about":[{"href":"http:\/\/www.sislibilgisayarci.com\/index.php?rest_route=\/wp\/v2\/types\/product"}],"wp:featuredmedia":[{"embeddable":true,"href":"http:\/\/www.sislibilgisayarci.com\/index.php?rest_route=\/wp\/v2\/media\/471"}],"wp:attachment":[{"href":"http:\/\/www.sislibilgisayarci.com\/index.php?rest_route=%2Fwp%2Fv2%2Fmedia&parent=470"}],"wp:term":[{"taxonomy":"product_cat","embeddable":true,"href":"http:\/\/www.sislibilgisayarci.com\/index.php?rest_route=%2Fwp%2Fv2%2Fproduct_cat&post=470"},{"taxonomy":"product_tag","embeddable":true,"href":"http:\/\/www.sislibilgisayarci.com\/index.php?rest_route=%2Fwp%2Fv2%2Fproduct_tag&post=470"}],"curies":[{"name":"wp","href":"https:\/\/api.w.org\/{rel}","templated":true}]}}