{"id":475,"date":"2017-02-03T11:54:18","date_gmt":"2017-02-03T11:54:18","guid":{"rendered":"https:\/\/www.sislibilgisayarci.com\/?product=toshiba-bluetooth-pa3608u-1btm-board"},"modified":"2024-04-06T09:14:44","modified_gmt":"2024-04-06T09:14:44","slug":"toshiba-bluetooth-pa3608u-1btm-board","status":"publish","type":"product","link":"http:\/\/www.sislibilgisayarci.com\/?product=toshiba-bluetooth-pa3608u-1btm-board","title":{"rendered":"TOSHIBA BLUETOOTH PA3608U-1BTM BOARD"},"content":{"rendered":"<p>\u00dcr\u00fcn 2. eldir.<\/p>\n<p>Kargo \u00fccreti m\u00fc\u015fteriye aittir.<\/p>\n","protected":false},"excerpt":{"rendered":"<p>\u00dcr\u00fcn 2. eldir. Kargo \u00fccreti m\u00fc\u015fteriye aittir.<\/p>\n","protected":false},"featured_media":461,"template":"","meta":[],"product_cat":[36],"product_tag":[370,363,396,50,69],"_links":{"self":[{"href":"http:\/\/www.sislibilgisayarci.com\/index.php?rest_route=\/wp\/v2\/product\/475"}],"collection":[{"href":"http:\/\/www.sislibilgisayarci.com\/index.php?rest_route=\/wp\/v2\/product"}],"about":[{"href":"http:\/\/www.sislibilgisayarci.com\/index.php?rest_route=\/wp\/v2\/types\/product"}],"wp:featuredmedia":[{"embeddable":true,"href":"http:\/\/www.sislibilgisayarci.com\/index.php?rest_route=\/wp\/v2\/media\/461"}],"wp:attachment":[{"href":"http:\/\/www.sislibilgisayarci.com\/index.php?rest_route=%2Fwp%2Fv2%2Fmedia&parent=475"}],"wp:term":[{"taxonomy":"product_cat","embeddable":true,"href":"http:\/\/www.sislibilgisayarci.com\/index.php?rest_route=%2Fwp%2Fv2%2Fproduct_cat&post=475"},{"taxonomy":"product_tag","embeddable":true,"href":"http:\/\/www.sislibilgisayarci.com\/index.php?rest_route=%2Fwp%2Fv2%2Fproduct_tag&post=475"}],"curies":[{"name":"wp","href":"https:\/\/api.w.org\/{rel}","templated":true}]}}