{"id":487,"date":"2017-02-08T09:42:57","date_gmt":"2017-02-08T09:42:57","guid":{"rendered":"https:\/\/www.sislibilgisayarci.com\/?product=lenovo-g570-g575-ses-karti-ve-kart-okuyucu-ls-6751p"},"modified":"2024-04-06T09:14:43","modified_gmt":"2024-04-06T09:14:43","slug":"lenovo-g570-g575-ses-karti-ve-kart-okuyucu-ls-6751p","status":"publish","type":"product","link":"http:\/\/www.sislibilgisayarci.com\/?product=lenovo-g570-g575-ses-karti-ve-kart-okuyucu-ls-6751p","title":{"rendered":"Lenovo G570 G575 Ses Kart\u0131 ve Kart Okuyucu LS-6751P"},"content":{"rendered":"<p>\u00dcr\u00fcn 2. eldir.<\/p>\n<p>Kargo \u00fccreti m\u00fc\u015fteriye aittir.<\/p>\n","protected":false},"excerpt":{"rendered":"<p>\u00dcr\u00fcn 2. eldir. Kargo \u00fccreti m\u00fc\u015fteriye aittir.<\/p>\n","protected":false},"featured_media":488,"template":"","meta":[],"product_cat":[36],"product_tag":[255,256,423,349,70,425,424,348],"_links":{"self":[{"href":"http:\/\/www.sislibilgisayarci.com\/index.php?rest_route=\/wp\/v2\/product\/487"}],"collection":[{"href":"http:\/\/www.sislibilgisayarci.com\/index.php?rest_route=\/wp\/v2\/product"}],"about":[{"href":"http:\/\/www.sislibilgisayarci.com\/index.php?rest_route=\/wp\/v2\/types\/product"}],"wp:featuredmedia":[{"embeddable":true,"href":"http:\/\/www.sislibilgisayarci.com\/index.php?rest_route=\/wp\/v2\/media\/488"}],"wp:attachment":[{"href":"http:\/\/www.sislibilgisayarci.com\/index.php?rest_route=%2Fwp%2Fv2%2Fmedia&parent=487"}],"wp:term":[{"taxonomy":"product_cat","embeddable":true,"href":"http:\/\/www.sislibilgisayarci.com\/index.php?rest_route=%2Fwp%2Fv2%2Fproduct_cat&post=487"},{"taxonomy":"product_tag","embeddable":true,"href":"http:\/\/www.sislibilgisayarci.com\/index.php?rest_route=%2Fwp%2Fv2%2Fproduct_tag&post=487"}],"curies":[{"name":"wp","href":"https:\/\/api.w.org\/{rel}","templated":true}]}}