{"id":491,"date":"2017-02-08T09:54:33","date_gmt":"2017-02-08T09:54:33","guid":{"rendered":"https:\/\/www.sislibilgisayarci.com\/?product=hp-compaq-nx7010-ses-portu-dugme-karti-ls-1702"},"modified":"2024-04-06T09:14:42","modified_gmt":"2024-04-06T09:14:42","slug":"hp-compaq-nx7010-ses-portu-dugme-karti-ls-1702","status":"publish","type":"product","link":"http:\/\/www.sislibilgisayarci.com\/?product=hp-compaq-nx7010-ses-portu-dugme-karti-ls-1702","title":{"rendered":"HP Compaq NX7010 Ses Portu \/ D\u00fc\u011fme Kart\u0131  LS-1702"},"content":{"rendered":"<p>\u00dcr\u00fcn 2. eldir.<\/p>\n<p>Kargo \u00fccreti m\u00fc\u015fteriye aittir.<\/p>\n<p>2 ad. mevcut<\/p>\n","protected":false},"excerpt":{"rendered":"<p>\u00dcr\u00fcn 2. eldir. Kargo \u00fccreti m\u00fc\u015fteriye aittir. 2 ad. mevcut<\/p>\n","protected":false},"featured_media":492,"template":"","meta":[],"product_cat":[36],"product_tag":[429,431,77,349,432,430,427,348],"_links":{"self":[{"href":"http:\/\/www.sislibilgisayarci.com\/index.php?rest_route=\/wp\/v2\/product\/491"}],"collection":[{"href":"http:\/\/www.sislibilgisayarci.com\/index.php?rest_route=\/wp\/v2\/product"}],"about":[{"href":"http:\/\/www.sislibilgisayarci.com\/index.php?rest_route=\/wp\/v2\/types\/product"}],"wp:featuredmedia":[{"embeddable":true,"href":"http:\/\/www.sislibilgisayarci.com\/index.php?rest_route=\/wp\/v2\/media\/492"}],"wp:attachment":[{"href":"http:\/\/www.sislibilgisayarci.com\/index.php?rest_route=%2Fwp%2Fv2%2Fmedia&parent=491"}],"wp:term":[{"taxonomy":"product_cat","embeddable":true,"href":"http:\/\/www.sislibilgisayarci.com\/index.php?rest_route=%2Fwp%2Fv2%2Fproduct_cat&post=491"},{"taxonomy":"product_tag","embeddable":true,"href":"http:\/\/www.sislibilgisayarci.com\/index.php?rest_route=%2Fwp%2Fv2%2Fproduct_tag&post=491"}],"curies":[{"name":"wp","href":"https:\/\/api.w.org\/{rel}","templated":true}]}}