{"id":495,"date":"2017-02-08T10:04:42","date_gmt":"2017-02-08T10:04:42","guid":{"rendered":"https:\/\/www.sislibilgisayarci.com\/?product=toshiba-satellite-m30x-acma-kapama-ve-medya-tuslari-ls-2462"},"modified":"2024-04-06T09:14:42","modified_gmt":"2024-04-06T09:14:42","slug":"toshiba-satellite-m30x-acma-kapama-ve-medya-tuslari-ls-2462","status":"publish","type":"product","link":"http:\/\/www.sislibilgisayarci.com\/?product=toshiba-satellite-m30x-acma-kapama-ve-medya-tuslari-ls-2462","title":{"rendered":"Toshiba Satellite M30X A\u00e7ma Kapama ve Medya Tu\u015flar\u0131 LS-2462"},"content":{"rendered":"<p>\u00dcr\u00fcn 2. eldir.<\/p>\n<p>Kargo \u00fccreti\u00a0al\u0131c\u0131ya aittir.<\/p>\n","protected":false},"excerpt":{"rendered":"<p>\u00dcr\u00fcn 2. eldir. Kargo \u00fccreti\u00a0al\u0131c\u0131ya aittir.<\/p>\n","protected":false},"featured_media":496,"template":"","meta":[],"product_cat":[36],"product_tag":[347,403,436,433,434,50,69,435],"_links":{"self":[{"href":"http:\/\/www.sislibilgisayarci.com\/index.php?rest_route=\/wp\/v2\/product\/495"}],"collection":[{"href":"http:\/\/www.sislibilgisayarci.com\/index.php?rest_route=\/wp\/v2\/product"}],"about":[{"href":"http:\/\/www.sislibilgisayarci.com\/index.php?rest_route=\/wp\/v2\/types\/product"}],"wp:featuredmedia":[{"embeddable":true,"href":"http:\/\/www.sislibilgisayarci.com\/index.php?rest_route=\/wp\/v2\/media\/496"}],"wp:attachment":[{"href":"http:\/\/www.sislibilgisayarci.com\/index.php?rest_route=%2Fwp%2Fv2%2Fmedia&parent=495"}],"wp:term":[{"taxonomy":"product_cat","embeddable":true,"href":"http:\/\/www.sislibilgisayarci.com\/index.php?rest_route=%2Fwp%2Fv2%2Fproduct_cat&post=495"},{"taxonomy":"product_tag","embeddable":true,"href":"http:\/\/www.sislibilgisayarci.com\/index.php?rest_route=%2Fwp%2Fv2%2Fproduct_tag&post=495"}],"curies":[{"name":"wp","href":"https:\/\/api.w.org\/{rel}","templated":true}]}}