{"id":514,"date":"2017-02-08T11:22:03","date_gmt":"2017-02-08T11:22:03","guid":{"rendered":"https:\/\/www.sislibilgisayarci.com\/?product=hp-compaq-nx7010-medya-dugmesi-karti-ls-1705"},"modified":"2024-04-06T09:14:41","modified_gmt":"2024-04-06T09:14:41","slug":"hp-compaq-nx7010-medya-dugmesi-karti-ls-1705","status":"publish","type":"product","link":"http:\/\/www.sislibilgisayarci.com\/?product=hp-compaq-nx7010-medya-dugmesi-karti-ls-1705","title":{"rendered":"HP COMPAQ NX7010 Medya D\u00fc\u011fmesi Kart\u0131  LS-1705"},"content":{"rendered":"<p>\u00dcr\u00fcn 2. eldir.<\/p>\n<p>Kargo \u00fccreti\u00a0al\u0131c\u0131ya aittir.<\/p>\n<p>2\u00a0ad. mevcut<\/p>\n","protected":false},"excerpt":{"rendered":"<p>\u00dcr\u00fcn 2. eldir. Kargo \u00fccreti\u00a0al\u0131c\u0131ya aittir. 2\u00a0ad. mevcut<\/p>\n","protected":false},"featured_media":515,"template":"","meta":[],"product_cat":[36],"product_tag":[429,229,77,349,460,434,430],"_links":{"self":[{"href":"http:\/\/www.sislibilgisayarci.com\/index.php?rest_route=\/wp\/v2\/product\/514"}],"collection":[{"href":"http:\/\/www.sislibilgisayarci.com\/index.php?rest_route=\/wp\/v2\/product"}],"about":[{"href":"http:\/\/www.sislibilgisayarci.com\/index.php?rest_route=\/wp\/v2\/types\/product"}],"wp:featuredmedia":[{"embeddable":true,"href":"http:\/\/www.sislibilgisayarci.com\/index.php?rest_route=\/wp\/v2\/media\/515"}],"wp:attachment":[{"href":"http:\/\/www.sislibilgisayarci.com\/index.php?rest_route=%2Fwp%2Fv2%2Fmedia&parent=514"}],"wp:term":[{"taxonomy":"product_cat","embeddable":true,"href":"http:\/\/www.sislibilgisayarci.com\/index.php?rest_route=%2Fwp%2Fv2%2Fproduct_cat&post=514"},{"taxonomy":"product_tag","embeddable":true,"href":"http:\/\/www.sislibilgisayarci.com\/index.php?rest_route=%2Fwp%2Fv2%2Fproduct_tag&post=514"}],"curies":[{"name":"wp","href":"https:\/\/api.w.org\/{rel}","templated":true}]}}