{"id":528,"date":"2017-02-08T13:01:39","date_gmt":"2017-02-08T13:01:39","guid":{"rendered":"https:\/\/www.sislibilgisayarci.com\/?product=hp-compaq-nx9010-modem-firewire-port-board-dakt9tb26c3"},"modified":"2024-04-06T09:14:40","modified_gmt":"2024-04-06T09:14:40","slug":"hp-compaq-nx9010-modem-firewire-port-board-dakt9tb26c3","status":"publish","type":"product","link":"http:\/\/www.sislibilgisayarci.com\/?product=hp-compaq-nx9010-modem-firewire-port-board-dakt9tb26c3","title":{"rendered":"HP COMPAQ NX9010 MODEM F\u0130REW\u0130RE PORT BOARD DAKT9TB26C3"},"content":{"rendered":"<p>\u00dcr\u00fcn 2. eldir.<\/p>\n<p>Kargo \u00fccreti\u00a0al\u0131c\u0131ya aittir.<\/p>\n<p>2 ad. mevcut<\/p>\n<p>&nbsp;<\/p>\n","protected":false},"excerpt":{"rendered":"<p>\u00dcr\u00fcn 2. eldir. Kargo \u00fccreti\u00a0al\u0131c\u0131ya aittir. 2 ad. mevcut &nbsp;<\/p>\n","protected":false},"featured_media":529,"template":"","meta":[],"product_cat":[36],"product_tag":[59,429,483,63,77,482,481,427],"_links":{"self":[{"href":"http:\/\/www.sislibilgisayarci.com\/index.php?rest_route=\/wp\/v2\/product\/528"}],"collection":[{"href":"http:\/\/www.sislibilgisayarci.com\/index.php?rest_route=\/wp\/v2\/product"}],"about":[{"href":"http:\/\/www.sislibilgisayarci.com\/index.php?rest_route=\/wp\/v2\/types\/product"}],"wp:featuredmedia":[{"embeddable":true,"href":"http:\/\/www.sislibilgisayarci.com\/index.php?rest_route=\/wp\/v2\/media\/529"}],"wp:attachment":[{"href":"http:\/\/www.sislibilgisayarci.com\/index.php?rest_route=%2Fwp%2Fv2%2Fmedia&parent=528"}],"wp:term":[{"taxonomy":"product_cat","embeddable":true,"href":"http:\/\/www.sislibilgisayarci.com\/index.php?rest_route=%2Fwp%2Fv2%2Fproduct_cat&post=528"},{"taxonomy":"product_tag","embeddable":true,"href":"http:\/\/www.sislibilgisayarci.com\/index.php?rest_route=%2Fwp%2Fv2%2Fproduct_tag&post=528"}],"curies":[{"name":"wp","href":"https:\/\/api.w.org\/{rel}","templated":true}]}}