{"id":535,"date":"2017-02-08T13:19:50","date_gmt":"2017-02-08T13:19:50","guid":{"rendered":"https:\/\/www.sislibilgisayarci.com\/?product=hp-compaq-nx9020-power-dugmesi-karti-da0kt2yb2d8"},"modified":"2024-04-06T09:14:39","modified_gmt":"2024-04-06T09:14:39","slug":"hp-compaq-nx9020-power-dugmesi-karti-da0kt2yb2d8","status":"publish","type":"product","link":"http:\/\/www.sislibilgisayarci.com\/?product=hp-compaq-nx9020-power-dugmesi-karti-da0kt2yb2d8","title":{"rendered":"HP COMPAQ NX9020 Power D\u00fc\u011fmesi Kart\u0131 DA0KT2YB2D8"},"content":{"rendered":"<p>\u00dcr\u00fcn 2. eldir.<\/p>\n<p>Kargo \u00fccreti\u00a0al\u0131c\u0131ya aittir.<\/p>\n<p>&nbsp;<\/p>\n<p>&nbsp;<\/p>\n","protected":false},"excerpt":{"rendered":"<p>\u00dcr\u00fcn 2. eldir. Kargo \u00fccreti\u00a0al\u0131c\u0131ya aittir. &nbsp; &nbsp;<\/p>\n","protected":false},"featured_media":536,"template":"","meta":[],"product_cat":[36],"product_tag":[59,421,429,495,77,494,228],"_links":{"self":[{"href":"http:\/\/www.sislibilgisayarci.com\/index.php?rest_route=\/wp\/v2\/product\/535"}],"collection":[{"href":"http:\/\/www.sislibilgisayarci.com\/index.php?rest_route=\/wp\/v2\/product"}],"about":[{"href":"http:\/\/www.sislibilgisayarci.com\/index.php?rest_route=\/wp\/v2\/types\/product"}],"wp:featuredmedia":[{"embeddable":true,"href":"http:\/\/www.sislibilgisayarci.com\/index.php?rest_route=\/wp\/v2\/media\/536"}],"wp:attachment":[{"href":"http:\/\/www.sislibilgisayarci.com\/index.php?rest_route=%2Fwp%2Fv2%2Fmedia&parent=535"}],"wp:term":[{"taxonomy":"product_cat","embeddable":true,"href":"http:\/\/www.sislibilgisayarci.com\/index.php?rest_route=%2Fwp%2Fv2%2Fproduct_cat&post=535"},{"taxonomy":"product_tag","embeddable":true,"href":"http:\/\/www.sislibilgisayarci.com\/index.php?rest_route=%2Fwp%2Fv2%2Fproduct_tag&post=535"}],"curies":[{"name":"wp","href":"https:\/\/api.w.org\/{rel}","templated":true}]}}