{"id":541,"date":"2017-02-08T13:29:31","date_gmt":"2017-02-08T13:29:31","guid":{"rendered":"https:\/\/www.sislibilgisayarci.com\/?product=hp-compaq-nx7010-medya-ses-buton-karti-ls-1703"},"modified":"2024-04-06T09:14:39","modified_gmt":"2024-04-06T09:14:39","slug":"hp-compaq-nx7010-medya-ses-buton-karti-ls-1703","status":"publish","type":"product","link":"http:\/\/www.sislibilgisayarci.com\/?product=hp-compaq-nx7010-medya-ses-buton-karti-ls-1703","title":{"rendered":"HP Compaq NX7010 Medya Ses Buton Kart\u0131 LS-1703"},"content":{"rendered":"<p>\u00dcr\u00fcn 2. eldir.<\/p>\n<p>Kargo \u00fccreti\u00a0al\u0131c\u0131ya aittir.<\/p>\n<p>&nbsp;<\/p>\n<p>&nbsp;<\/p>\n","protected":false},"excerpt":{"rendered":"<p>\u00dcr\u00fcn 2. eldir. Kargo \u00fccreti\u00a0al\u0131c\u0131ya aittir. &nbsp; &nbsp;<\/p>\n","protected":false},"featured_media":542,"template":"","meta":[],"product_cat":[36],"product_tag":[504,59,421,429,77,503,501,430,502],"_links":{"self":[{"href":"http:\/\/www.sislibilgisayarci.com\/index.php?rest_route=\/wp\/v2\/product\/541"}],"collection":[{"href":"http:\/\/www.sislibilgisayarci.com\/index.php?rest_route=\/wp\/v2\/product"}],"about":[{"href":"http:\/\/www.sislibilgisayarci.com\/index.php?rest_route=\/wp\/v2\/types\/product"}],"wp:featuredmedia":[{"embeddable":true,"href":"http:\/\/www.sislibilgisayarci.com\/index.php?rest_route=\/wp\/v2\/media\/542"}],"wp:attachment":[{"href":"http:\/\/www.sislibilgisayarci.com\/index.php?rest_route=%2Fwp%2Fv2%2Fmedia&parent=541"}],"wp:term":[{"taxonomy":"product_cat","embeddable":true,"href":"http:\/\/www.sislibilgisayarci.com\/index.php?rest_route=%2Fwp%2Fv2%2Fproduct_cat&post=541"},{"taxonomy":"product_tag","embeddable":true,"href":"http:\/\/www.sislibilgisayarci.com\/index.php?rest_route=%2Fwp%2Fv2%2Fproduct_tag&post=541"}],"curies":[{"name":"wp","href":"https:\/\/api.w.org\/{rel}","templated":true}]}}