{"id":545,"date":"2017-02-08T14:47:13","date_gmt":"2017-02-08T14:47:13","guid":{"rendered":"https:\/\/www.sislibilgisayarci.com\/?product=hp-nc6000-bluetooth-module-btm200"},"modified":"2024-04-06T09:14:38","modified_gmt":"2024-04-06T09:14:38","slug":"hp-nc6000-bluetooth-module-btm200","status":"publish","type":"product","link":"http:\/\/www.sislibilgisayarci.com\/?product=hp-nc6000-bluetooth-module-btm200","title":{"rendered":"HP NC6000 Bluetooth Module BTM200"},"content":{"rendered":"<p>\u00dcr\u00fcn 2. eldir.<\/p>\n<p>Kargo \u00fccreti\u00a0al\u0131c\u0131ya aittir.<\/p>\n<p>&nbsp;<\/p>\n<p>&nbsp;<\/p>\n","protected":false},"excerpt":{"rendered":"<p>\u00dcr\u00fcn 2. eldir. Kargo \u00fccreti\u00a0al\u0131c\u0131ya aittir. &nbsp; &nbsp;<\/p>\n","protected":false},"featured_media":546,"template":"","meta":[],"product_cat":[36],"product_tag":[506,508,505,363,429,77,507],"_links":{"self":[{"href":"http:\/\/www.sislibilgisayarci.com\/index.php?rest_route=\/wp\/v2\/product\/545"}],"collection":[{"href":"http:\/\/www.sislibilgisayarci.com\/index.php?rest_route=\/wp\/v2\/product"}],"about":[{"href":"http:\/\/www.sislibilgisayarci.com\/index.php?rest_route=\/wp\/v2\/types\/product"}],"wp:featuredmedia":[{"embeddable":true,"href":"http:\/\/www.sislibilgisayarci.com\/index.php?rest_route=\/wp\/v2\/media\/546"}],"wp:attachment":[{"href":"http:\/\/www.sislibilgisayarci.com\/index.php?rest_route=%2Fwp%2Fv2%2Fmedia&parent=545"}],"wp:term":[{"taxonomy":"product_cat","embeddable":true,"href":"http:\/\/www.sislibilgisayarci.com\/index.php?rest_route=%2Fwp%2Fv2%2Fproduct_cat&post=545"},{"taxonomy":"product_tag","embeddable":true,"href":"http:\/\/www.sislibilgisayarci.com\/index.php?rest_route=%2Fwp%2Fv2%2Fproduct_tag&post=545"}],"curies":[{"name":"wp","href":"https:\/\/api.w.org\/{rel}","templated":true}]}}