{"id":549,"date":"2017-02-08T14:53:36","date_gmt":"2017-02-08T14:53:36","guid":{"rendered":"https:\/\/www.sislibilgisayarci.com\/?product=hp-pavilion-tx1000-serisi-webcam-camera-cmn5746-ai005746025"},"modified":"2024-04-06T09:14:38","modified_gmt":"2024-04-06T09:14:38","slug":"hp-pavilion-tx1000-serisi-webcam-camera-cmn5746-ai005746025","status":"publish","type":"product","link":"http:\/\/www.sislibilgisayarci.com\/?product=hp-pavilion-tx1000-serisi-webcam-camera-cmn5746-ai005746025","title":{"rendered":"HP Pavilion TX1000 Serisi Webcam Kamera CMN5746 AI005746025"},"content":{"rendered":"<p>\u00dcr\u00fcn 2. eldir.<\/p>\n<p>Kargo \u00fccreti\u00a0al\u0131c\u0131ya aittir.<\/p>\n<p>4 ad. mevcuttur.<\/p>\n<p>&nbsp;<\/p>\n","protected":false},"excerpt":{"rendered":"<p>\u00dcr\u00fcn 2. eldir. Kargo \u00fccreti\u00a0al\u0131c\u0131ya aittir. 4 ad. mevcuttur. &nbsp;<\/p>\n","protected":false},"featured_media":550,"template":"","meta":[],"product_cat":[397],"product_tag":[516,514,515,77,204,513,512,398],"_links":{"self":[{"href":"http:\/\/www.sislibilgisayarci.com\/index.php?rest_route=\/wp\/v2\/product\/549"}],"collection":[{"href":"http:\/\/www.sislibilgisayarci.com\/index.php?rest_route=\/wp\/v2\/product"}],"about":[{"href":"http:\/\/www.sislibilgisayarci.com\/index.php?rest_route=\/wp\/v2\/types\/product"}],"wp:featuredmedia":[{"embeddable":true,"href":"http:\/\/www.sislibilgisayarci.com\/index.php?rest_route=\/wp\/v2\/media\/550"}],"wp:attachment":[{"href":"http:\/\/www.sislibilgisayarci.com\/index.php?rest_route=%2Fwp%2Fv2%2Fmedia&parent=549"}],"wp:term":[{"taxonomy":"product_cat","embeddable":true,"href":"http:\/\/www.sislibilgisayarci.com\/index.php?rest_route=%2Fwp%2Fv2%2Fproduct_cat&post=549"},{"taxonomy":"product_tag","embeddable":true,"href":"http:\/\/www.sislibilgisayarci.com\/index.php?rest_route=%2Fwp%2Fv2%2Fproduct_tag&post=549"}],"curies":[{"name":"wp","href":"https:\/\/api.w.org\/{rel}","templated":true}]}}