{"id":553,"date":"2017-02-08T15:09:54","date_gmt":"2017-02-08T15:09:54","guid":{"rendered":"https:\/\/www.sislibilgisayarci.com\/?product=hp-dv2000-ksb0505ha-laptop-fan-dc-9v-032a"},"modified":"2024-04-06T09:14:37","modified_gmt":"2024-04-06T09:14:37","slug":"hp-dv2000-ksb0505ha-laptop-fan-dc-9v-032a","status":"publish","type":"product","link":"http:\/\/www.sislibilgisayarci.com\/?product=hp-dv2000-ksb0505ha-laptop-fan-dc-9v-032a","title":{"rendered":"KSB0505HA Laptop Fan DC 9V 0,32A"},"content":{"rendered":"<p>\u00dcr\u00fcn 2. eldir.<\/p>\n<p>Kargo \u00fccreti\u00a0al\u0131c\u0131ya aittir.<\/p>\n<p>&nbsp;<\/p>\n<p><strong>Toshiba A300D-156 KSB0505HA DC05 0,32A \u0130\u015flemci Fan\u0131 AVC3CBD3TA0ID0080828<\/strong><\/p>\n<p>HP DV2000 KSB0505HA Laptop Fan DC 9V 0,32A<\/p>\n<p>&nbsp;<\/p>\n","protected":false},"excerpt":{"rendered":"<p>\u00dcr\u00fcn 2. eldir. Kargo \u00fccreti\u00a0al\u0131c\u0131ya aittir. &nbsp; Toshiba A300D-156 KSB0505HA DC05 0,32A \u0130\u015flemci Fan\u0131 AVC3CBD3TA0ID0080828 HP DV2000 KSB0505HA Laptop Fan DC 9V 0,32A &nbsp;<\/p>\n","protected":false},"featured_media":554,"template":"","meta":[],"product_cat":[30],"product_tag":[524,1934,523,521,35,77,522,118,1933],"_links":{"self":[{"href":"http:\/\/www.sislibilgisayarci.com\/index.php?rest_route=\/wp\/v2\/product\/553"}],"collection":[{"href":"http:\/\/www.sislibilgisayarci.com\/index.php?rest_route=\/wp\/v2\/product"}],"about":[{"href":"http:\/\/www.sislibilgisayarci.com\/index.php?rest_route=\/wp\/v2\/types\/product"}],"wp:featuredmedia":[{"embeddable":true,"href":"http:\/\/www.sislibilgisayarci.com\/index.php?rest_route=\/wp\/v2\/media\/554"}],"wp:attachment":[{"href":"http:\/\/www.sislibilgisayarci.com\/index.php?rest_route=%2Fwp%2Fv2%2Fmedia&parent=553"}],"wp:term":[{"taxonomy":"product_cat","embeddable":true,"href":"http:\/\/www.sislibilgisayarci.com\/index.php?rest_route=%2Fwp%2Fv2%2Fproduct_cat&post=553"},{"taxonomy":"product_tag","embeddable":true,"href":"http:\/\/www.sislibilgisayarci.com\/index.php?rest_route=%2Fwp%2Fv2%2Fproduct_tag&post=553"}],"curies":[{"name":"wp","href":"https:\/\/api.w.org\/{rel}","templated":true}]}}