{"id":566,"date":"2017-02-08T16:00:48","date_gmt":"2017-02-08T16:00:48","guid":{"rendered":"https:\/\/www.sislibilgisayarci.com\/?product=fujitsu-siemens-amilo-a1667g-display-board-35-1p7120-c0"},"modified":"2024-04-06T09:14:37","modified_gmt":"2024-04-06T09:14:37","slug":"fujitsu-siemens-amilo-a1667g-display-board-35-1p7120-c0","status":"publish","type":"product","link":"http:\/\/www.sislibilgisayarci.com\/?product=fujitsu-siemens-amilo-a1667g-display-board-35-1p7120-c0","title":{"rendered":"Fujitsu SIEMENS Amilo A1667G Display Board 35-1P7120-C0"},"content":{"rendered":"<p>\u00dcr\u00fcn 2. eldir.<\/p>\n<p>Kargo \u00fccreti\u00a0al\u0131c\u0131ya aittir.<\/p>\n<p>&nbsp;<\/p>\n<p>&nbsp;<\/p>\n","protected":false},"excerpt":{"rendered":"<p>\u00dcr\u00fcn 2. eldir. Kargo \u00fccreti\u00a0al\u0131c\u0131ya aittir. &nbsp; &nbsp;<\/p>\n","protected":false},"featured_media":567,"template":"","meta":[],"product_cat":[36],"product_tag":[533,531,446,59,532,148,445],"_links":{"self":[{"href":"http:\/\/www.sislibilgisayarci.com\/index.php?rest_route=\/wp\/v2\/product\/566"}],"collection":[{"href":"http:\/\/www.sislibilgisayarci.com\/index.php?rest_route=\/wp\/v2\/product"}],"about":[{"href":"http:\/\/www.sislibilgisayarci.com\/index.php?rest_route=\/wp\/v2\/types\/product"}],"wp:featuredmedia":[{"embeddable":true,"href":"http:\/\/www.sislibilgisayarci.com\/index.php?rest_route=\/wp\/v2\/media\/567"}],"wp:attachment":[{"href":"http:\/\/www.sislibilgisayarci.com\/index.php?rest_route=%2Fwp%2Fv2%2Fmedia&parent=566"}],"wp:term":[{"taxonomy":"product_cat","embeddable":true,"href":"http:\/\/www.sislibilgisayarci.com\/index.php?rest_route=%2Fwp%2Fv2%2Fproduct_cat&post=566"},{"taxonomy":"product_tag","embeddable":true,"href":"http:\/\/www.sislibilgisayarci.com\/index.php?rest_route=%2Fwp%2Fv2%2Fproduct_tag&post=566"}],"curies":[{"name":"wp","href":"https:\/\/api.w.org\/{rel}","templated":true}]}}