{"id":575,"date":"2017-02-09T08:03:55","date_gmt":"2017-02-09T08:03:55","guid":{"rendered":"https:\/\/www.sislibilgisayarci.com\/?product=lenovo-g570-g575-am0gl000600-sabit-disk-kasasi"},"modified":"2024-04-06T09:14:36","modified_gmt":"2024-04-06T09:14:36","slug":"lenovo-g570-g575-am0gl000600-sabit-disk-kasasi","status":"publish","type":"product","link":"http:\/\/www.sislibilgisayarci.com\/?product=lenovo-g570-g575-am0gl000600-sabit-disk-kasasi","title":{"rendered":"Lenovo G570 G575 AM0GL000600  sabit disk kasas\u0131"},"content":{"rendered":"<p>\u00dcr\u00fcn 2. Eldir.<\/p>\n<p>Kargo m\u00fc\u015fteriye aittir.<\/p>\n<p>&nbsp;<\/p>\n","protected":false},"excerpt":{"rendered":"<p>\u00dcr\u00fcn 2. Eldir. Kargo m\u00fc\u015fteriye aittir. &nbsp;<\/p>\n","protected":false},"featured_media":576,"template":"","meta":[],"product_cat":[40],"product_tag":[542,386,255,256,540,70,385],"_links":{"self":[{"href":"http:\/\/www.sislibilgisayarci.com\/index.php?rest_route=\/wp\/v2\/product\/575"}],"collection":[{"href":"http:\/\/www.sislibilgisayarci.com\/index.php?rest_route=\/wp\/v2\/product"}],"about":[{"href":"http:\/\/www.sislibilgisayarci.com\/index.php?rest_route=\/wp\/v2\/types\/product"}],"wp:featuredmedia":[{"embeddable":true,"href":"http:\/\/www.sislibilgisayarci.com\/index.php?rest_route=\/wp\/v2\/media\/576"}],"wp:attachment":[{"href":"http:\/\/www.sislibilgisayarci.com\/index.php?rest_route=%2Fwp%2Fv2%2Fmedia&parent=575"}],"wp:term":[{"taxonomy":"product_cat","embeddable":true,"href":"http:\/\/www.sislibilgisayarci.com\/index.php?rest_route=%2Fwp%2Fv2%2Fproduct_cat&post=575"},{"taxonomy":"product_tag","embeddable":true,"href":"http:\/\/www.sislibilgisayarci.com\/index.php?rest_route=%2Fwp%2Fv2%2Fproduct_tag&post=575"}],"curies":[{"name":"wp","href":"https:\/\/api.w.org\/{rel}","templated":true}]}}