{"id":577,"date":"2017-02-09T08:16:33","date_gmt":"2017-02-09T08:16:33","guid":{"rendered":"https:\/\/www.sislibilgisayarci.com\/?product=hp-compaq-x1000-nx7010-zt3000-notebook-harddisk-kapagi-apcl312v000"},"modified":"2024-04-06T09:14:36","modified_gmt":"2024-04-06T09:14:36","slug":"hp-compaq-x1000-nx7010-zt3000-notebook-harddisk-kapagi-apcl312v000","status":"publish","type":"product","link":"http:\/\/www.sislibilgisayarci.com\/?product=hp-compaq-x1000-nx7010-zt3000-notebook-harddisk-kapagi-apcl312v000","title":{"rendered":"HP Compaq X1000 NX7010 ZT3000 Notebook Harddisk Kapa\u011f\u0131 APCL312V000"},"content":{"rendered":"<p>\u00dcr\u00fcn 2. Eldir.<\/p>\n<p>Kargo m\u00fc\u015fteriye aittir.<\/p>\n<p>&nbsp;<\/p>\n","protected":false},"excerpt":{"rendered":"<p>\u00dcr\u00fcn 2. Eldir. Kargo m\u00fc\u015fteriye aittir. &nbsp;<\/p>\n","protected":false},"featured_media":578,"template":"","meta":[],"product_cat":[40],"product_tag":[544,429,119,77,384,478,430,543,202],"_links":{"self":[{"href":"http:\/\/www.sislibilgisayarci.com\/index.php?rest_route=\/wp\/v2\/product\/577"}],"collection":[{"href":"http:\/\/www.sislibilgisayarci.com\/index.php?rest_route=\/wp\/v2\/product"}],"about":[{"href":"http:\/\/www.sislibilgisayarci.com\/index.php?rest_route=\/wp\/v2\/types\/product"}],"wp:featuredmedia":[{"embeddable":true,"href":"http:\/\/www.sislibilgisayarci.com\/index.php?rest_route=\/wp\/v2\/media\/578"}],"wp:attachment":[{"href":"http:\/\/www.sislibilgisayarci.com\/index.php?rest_route=%2Fwp%2Fv2%2Fmedia&parent=577"}],"wp:term":[{"taxonomy":"product_cat","embeddable":true,"href":"http:\/\/www.sislibilgisayarci.com\/index.php?rest_route=%2Fwp%2Fv2%2Fproduct_cat&post=577"},{"taxonomy":"product_tag","embeddable":true,"href":"http:\/\/www.sislibilgisayarci.com\/index.php?rest_route=%2Fwp%2Fv2%2Fproduct_tag&post=577"}],"curies":[{"name":"wp","href":"https:\/\/api.w.org\/{rel}","templated":true}]}}