{"id":588,"date":"2017-02-09T09:35:03","date_gmt":"2017-02-09T09:35:03","guid":{"rendered":"https:\/\/www.sislibilgisayarci.com\/?product=lenovo-g550-g555-am07w000100-l-am07w000200-r-mentese-takimi"},"modified":"2024-04-06T09:14:35","modified_gmt":"2024-04-06T09:14:35","slug":"lenovo-g550-g555-am07w000100-l-am07w000200-r-mentese-takimi","status":"publish","type":"product","link":"http:\/\/www.sislibilgisayarci.com\/?product=lenovo-g550-g555-am07w000100-l-am07w000200-r-mentese-takimi","title":{"rendered":"Lenovo G550 G555 AM07W000100-L AM07W000200-R Mente\u015fe Tak\u0131m\u0131"},"content":{"rendered":"<p>\u00dcr\u00fcn 2. Eldir.<\/p>\n<p>Kargo m\u00fc\u015fteriye aittir.<\/p>\n<p>&nbsp;<\/p>\n","protected":false},"excerpt":{"rendered":"<p>\u00dcr\u00fcn 2. Eldir. Kargo m\u00fc\u015fteriye aittir. &nbsp;<\/p>\n","protected":false},"featured_media":589,"template":"","meta":[],"product_cat":[43],"product_tag":[550,549,551,552,77,234,44,330,331,553],"_links":{"self":[{"href":"http:\/\/www.sislibilgisayarci.com\/index.php?rest_route=\/wp\/v2\/product\/588"}],"collection":[{"href":"http:\/\/www.sislibilgisayarci.com\/index.php?rest_route=\/wp\/v2\/product"}],"about":[{"href":"http:\/\/www.sislibilgisayarci.com\/index.php?rest_route=\/wp\/v2\/types\/product"}],"wp:featuredmedia":[{"embeddable":true,"href":"http:\/\/www.sislibilgisayarci.com\/index.php?rest_route=\/wp\/v2\/media\/589"}],"wp:attachment":[{"href":"http:\/\/www.sislibilgisayarci.com\/index.php?rest_route=%2Fwp%2Fv2%2Fmedia&parent=588"}],"wp:term":[{"taxonomy":"product_cat","embeddable":true,"href":"http:\/\/www.sislibilgisayarci.com\/index.php?rest_route=%2Fwp%2Fv2%2Fproduct_cat&post=588"},{"taxonomy":"product_tag","embeddable":true,"href":"http:\/\/www.sislibilgisayarci.com\/index.php?rest_route=%2Fwp%2Fv2%2Fproduct_tag&post=588"}],"curies":[{"name":"wp","href":"https:\/\/api.w.org\/{rel}","templated":true}]}}