{"id":594,"date":"2017-02-09T09:43:08","date_gmt":"2017-02-09T09:43:08","guid":{"rendered":"https:\/\/www.sislibilgisayarci.com\/?product=asus-f3u-mentese-takimi-13gni110m010-4-13gni110m020-4"},"modified":"2024-04-06T09:14:35","modified_gmt":"2024-04-06T09:14:35","slug":"asus-f3u-mentese-takimi-13gni110m010-4-13gni110m020-4","status":"publish","type":"product","link":"http:\/\/www.sislibilgisayarci.com\/?product=asus-f3u-mentese-takimi-13gni110m010-4-13gni110m020-4","title":{"rendered":"ASUS F3U Mente\u015fe Tak\u0131m\u0131 13GNI110M010-4 13GNI110M020-4"},"content":{"rendered":"<p>\u00dcr\u00fcn 2. Eldir.<\/p>\n<p>Kargo m\u00fc\u015fteriye aittir.<\/p>\n<p>&nbsp;<\/p>\n","protected":false},"excerpt":{"rendered":"<p>\u00dcr\u00fcn 2. Eldir. Kargo m\u00fc\u015fteriye aittir. &nbsp;<\/p>\n","protected":false},"featured_media":595,"template":"","meta":[],"product_cat":[43],"product_tag":[560,561,471,559,44,45],"_links":{"self":[{"href":"http:\/\/www.sislibilgisayarci.com\/index.php?rest_route=\/wp\/v2\/product\/594"}],"collection":[{"href":"http:\/\/www.sislibilgisayarci.com\/index.php?rest_route=\/wp\/v2\/product"}],"about":[{"href":"http:\/\/www.sislibilgisayarci.com\/index.php?rest_route=\/wp\/v2\/types\/product"}],"wp:featuredmedia":[{"embeddable":true,"href":"http:\/\/www.sislibilgisayarci.com\/index.php?rest_route=\/wp\/v2\/media\/595"}],"wp:attachment":[{"href":"http:\/\/www.sislibilgisayarci.com\/index.php?rest_route=%2Fwp%2Fv2%2Fmedia&parent=594"}],"wp:term":[{"taxonomy":"product_cat","embeddable":true,"href":"http:\/\/www.sislibilgisayarci.com\/index.php?rest_route=%2Fwp%2Fv2%2Fproduct_cat&post=594"},{"taxonomy":"product_tag","embeddable":true,"href":"http:\/\/www.sislibilgisayarci.com\/index.php?rest_route=%2Fwp%2Fv2%2Fproduct_tag&post=594"}],"curies":[{"name":"wp","href":"https:\/\/api.w.org\/{rel}","templated":true}]}}