{"id":623,"date":"2017-02-10T13:35:01","date_gmt":"2017-02-10T13:35:01","guid":{"rendered":"https:\/\/www.sislibilgisayarci.com\/?product=dell-inspiron-n4030-lcd-video-kablosu"},"modified":"2024-04-06T09:14:34","modified_gmt":"2024-04-06T09:14:34","slug":"dell-inspiron-n4030-lcd-video-kablosu","status":"publish","type":"product","link":"http:\/\/www.sislibilgisayarci.com\/?product=dell-inspiron-n4030-lcd-video-kablosu","title":{"rendered":"Dell Inspiron N4030 LCD Video Kablosu"},"content":{"rendered":"<p>\u00dcr\u00fcn 2. eldir.<\/p>\n<p>Kargo \u00fccreti m\u00fc\u015fteriye aittir.<\/p>\n","protected":false},"excerpt":{"rendered":"<p>\u00dcr\u00fcn 2. eldir. Kargo \u00fccreti m\u00fc\u015fteriye aittir.<\/p>\n","protected":false},"featured_media":616,"template":"","meta":[],"product_cat":[232],"product_tag":[87,590,236,234,592,247],"_links":{"self":[{"href":"http:\/\/www.sislibilgisayarci.com\/index.php?rest_route=\/wp\/v2\/product\/623"}],"collection":[{"href":"http:\/\/www.sislibilgisayarci.com\/index.php?rest_route=\/wp\/v2\/product"}],"about":[{"href":"http:\/\/www.sislibilgisayarci.com\/index.php?rest_route=\/wp\/v2\/types\/product"}],"wp:featuredmedia":[{"embeddable":true,"href":"http:\/\/www.sislibilgisayarci.com\/index.php?rest_route=\/wp\/v2\/media\/616"}],"wp:attachment":[{"href":"http:\/\/www.sislibilgisayarci.com\/index.php?rest_route=%2Fwp%2Fv2%2Fmedia&parent=623"}],"wp:term":[{"taxonomy":"product_cat","embeddable":true,"href":"http:\/\/www.sislibilgisayarci.com\/index.php?rest_route=%2Fwp%2Fv2%2Fproduct_cat&post=623"},{"taxonomy":"product_tag","embeddable":true,"href":"http:\/\/www.sislibilgisayarci.com\/index.php?rest_route=%2Fwp%2Fv2%2Fproduct_tag&post=623"}],"curies":[{"name":"wp","href":"https:\/\/api.w.org\/{rel}","templated":true}]}}