{"id":626,"date":"2017-02-10T13:45:41","date_gmt":"2017-02-10T13:45:41","guid":{"rendered":"https:\/\/www.sislibilgisayarci.com\/?product=dell-inspiron-n4030-bluetooth-0rm948"},"modified":"2024-04-06T09:14:33","modified_gmt":"2024-04-06T09:14:33","slug":"dell-inspiron-n4030-bluetooth-0rm948","status":"publish","type":"product","link":"http:\/\/www.sislibilgisayarci.com\/?product=dell-inspiron-n4030-bluetooth-0rm948","title":{"rendered":"Dell Inspiron N4030 Bluetooth 0rm948"},"content":{"rendered":"<p>\u00dcr\u00fcn 2. eldir.<\/p>\n<p>Kargo \u00fccreti m\u00fc\u015fteriye aittir.<\/p>\n","protected":false},"excerpt":{"rendered":"<p>\u00dcr\u00fcn 2. eldir. Kargo \u00fccreti m\u00fc\u015fteriye aittir.<\/p>\n","protected":false},"featured_media":608,"template":"","meta":[],"product_cat":[36],"product_tag":[600,250,87,601,590,349,592,602,228,603],"_links":{"self":[{"href":"http:\/\/www.sislibilgisayarci.com\/index.php?rest_route=\/wp\/v2\/product\/626"}],"collection":[{"href":"http:\/\/www.sislibilgisayarci.com\/index.php?rest_route=\/wp\/v2\/product"}],"about":[{"href":"http:\/\/www.sislibilgisayarci.com\/index.php?rest_route=\/wp\/v2\/types\/product"}],"wp:featuredmedia":[{"embeddable":true,"href":"http:\/\/www.sislibilgisayarci.com\/index.php?rest_route=\/wp\/v2\/media\/608"}],"wp:attachment":[{"href":"http:\/\/www.sislibilgisayarci.com\/index.php?rest_route=%2Fwp%2Fv2%2Fmedia&parent=626"}],"wp:term":[{"taxonomy":"product_cat","embeddable":true,"href":"http:\/\/www.sislibilgisayarci.com\/index.php?rest_route=%2Fwp%2Fv2%2Fproduct_cat&post=626"},{"taxonomy":"product_tag","embeddable":true,"href":"http:\/\/www.sislibilgisayarci.com\/index.php?rest_route=%2Fwp%2Fv2%2Fproduct_tag&post=626"}],"curies":[{"name":"wp","href":"https:\/\/api.w.org\/{rel}","templated":true}]}}