{"id":654,"date":"2017-02-11T08:43:52","date_gmt":"2017-02-11T08:43:52","guid":{"rendered":"https:\/\/www.sislibilgisayarci.com\/?product=dell-inspiron-6400-laptop-fan-k053"},"modified":"2024-04-06T09:14:32","modified_gmt":"2024-04-06T09:14:32","slug":"dell-inspiron-6400-laptop-fan-k053","status":"publish","type":"product","link":"http:\/\/www.sislibilgisayarci.com\/?product=dell-inspiron-6400-laptop-fan-k053","title":{"rendered":"DELL \u0130NSP\u0130RON 6400 LAPTOP FAN K053"},"content":{"rendered":"<p>\u00dcr\u00fcn 2. eldir.<\/p>\n<p>Kargo \u00fccreti m\u00fc\u015fteriye aittir.<\/p>\n<p><span id=\"productTitle\" class=\"a-size-large\">UDQFZZR12CQU &#8211; LAPTOP CPU COOLING FAN, DC5V 0.28A, DQ5D577D026<\/span><\/p>\n<p>&nbsp;<\/p>\n","protected":false},"excerpt":{"rendered":"<p>\u00dcr\u00fcn 2. eldir. Kargo \u00fccreti m\u00fc\u015fteriye aittir. UDQFZZR12CQU &#8211; LAPTOP CPU COOLING FAN, DC5V 0.28A, DQ5D577D026 &nbsp;<\/p>\n","protected":false},"featured_media":646,"template":"","meta":[],"product_cat":[30],"product_tag":[624,617,412,34,623,87,625,35,590,621,118,622],"_links":{"self":[{"href":"http:\/\/www.sislibilgisayarci.com\/index.php?rest_route=\/wp\/v2\/product\/654"}],"collection":[{"href":"http:\/\/www.sislibilgisayarci.com\/index.php?rest_route=\/wp\/v2\/product"}],"about":[{"href":"http:\/\/www.sislibilgisayarci.com\/index.php?rest_route=\/wp\/v2\/types\/product"}],"wp:featuredmedia":[{"embeddable":true,"href":"http:\/\/www.sislibilgisayarci.com\/index.php?rest_route=\/wp\/v2\/media\/646"}],"wp:attachment":[{"href":"http:\/\/www.sislibilgisayarci.com\/index.php?rest_route=%2Fwp%2Fv2%2Fmedia&parent=654"}],"wp:term":[{"taxonomy":"product_cat","embeddable":true,"href":"http:\/\/www.sislibilgisayarci.com\/index.php?rest_route=%2Fwp%2Fv2%2Fproduct_cat&post=654"},{"taxonomy":"product_tag","embeddable":true,"href":"http:\/\/www.sislibilgisayarci.com\/index.php?rest_route=%2Fwp%2Fv2%2Fproduct_tag&post=654"}],"curies":[{"name":"wp","href":"https:\/\/api.w.org\/{rel}","templated":true}]}}