{"id":659,"date":"2017-02-11T09:09:33","date_gmt":"2017-02-11T09:09:33","guid":{"rendered":"https:\/\/www.sislibilgisayarci.com\/?product=dell-6400-serisi-takim-sifir-mentese"},"modified":"2024-04-06T09:14:31","modified_gmt":"2024-04-06T09:14:31","slug":"dell-6400-serisi-takim-sifir-mentese","status":"publish","type":"product","link":"http:\/\/www.sislibilgisayarci.com\/?product=dell-6400-serisi-takim-sifir-mentese","title":{"rendered":"DELL 6400 SER\u0130S\u0130 TAKIM SIFIR MENTE\u015eE"},"content":{"rendered":"<p>\u00dcr\u00fcn 2. eldir.<\/p>\n<p>Kargo \u00fccreti m\u00fc\u015fteriye aittir.<\/p>\n<p>UYUMLU MODELLER :\u00a0DELL 6400 , 1501 , 1505E<\/p>\n<p>&nbsp;<\/p>\n","protected":false},"excerpt":{"rendered":"<p>\u00dcr\u00fcn 2. eldir. Kargo \u00fccreti m\u00fc\u015fteriye aittir. UYUMLU MODELLER :\u00a0DELL 6400 , 1501 , 1505E &nbsp;<\/p>\n","protected":false},"featured_media":649,"template":"","meta":[],"product_cat":[43],"product_tag":[617,635,87,634,590,118,44,330,331,636],"_links":{"self":[{"href":"http:\/\/www.sislibilgisayarci.com\/index.php?rest_route=\/wp\/v2\/product\/659"}],"collection":[{"href":"http:\/\/www.sislibilgisayarci.com\/index.php?rest_route=\/wp\/v2\/product"}],"about":[{"href":"http:\/\/www.sislibilgisayarci.com\/index.php?rest_route=\/wp\/v2\/types\/product"}],"wp:featuredmedia":[{"embeddable":true,"href":"http:\/\/www.sislibilgisayarci.com\/index.php?rest_route=\/wp\/v2\/media\/649"}],"wp:attachment":[{"href":"http:\/\/www.sislibilgisayarci.com\/index.php?rest_route=%2Fwp%2Fv2%2Fmedia&parent=659"}],"wp:term":[{"taxonomy":"product_cat","embeddable":true,"href":"http:\/\/www.sislibilgisayarci.com\/index.php?rest_route=%2Fwp%2Fv2%2Fproduct_cat&post=659"},{"taxonomy":"product_tag","embeddable":true,"href":"http:\/\/www.sislibilgisayarci.com\/index.php?rest_route=%2Fwp%2Fv2%2Fproduct_tag&post=659"}],"curies":[{"name":"wp","href":"https:\/\/api.w.org\/{rel}","templated":true}]}}