{"id":665,"date":"2017-02-11T09:22:58","date_gmt":"2017-02-11T09:22:58","guid":{"rendered":"https:\/\/www.sislibilgisayarci.com\/?product=256-mb-nvidia-dell-6400-notebook-ekran-karti"},"modified":"2024-04-06T09:14:30","modified_gmt":"2024-04-06T09:14:30","slug":"256-mb-nvidia-dell-6400-notebook-ekran-karti","status":"publish","type":"product","link":"http:\/\/www.sislibilgisayarci.com\/?product=256-mb-nvidia-dell-6400-notebook-ekran-karti","title":{"rendered":"256 MB NVIDIA DELL 6400 NOTEBOOK EKRAN KARTI"},"content":{"rendered":"<p>\u00dcr\u00fcn 2. eldir.<\/p>\n<p>Kargo \u00fccreti m\u00fc\u015fteriye aittir.<\/p>\n<p>&nbsp;<\/p>\n<p>&nbsp;<\/p>\n","protected":false},"excerpt":{"rendered":"<p>\u00dcr\u00fcn 2. eldir. Kargo \u00fccreti m\u00fc\u015fteriye aittir. &nbsp; &nbsp;<\/p>\n","protected":false},"featured_media":666,"template":"","meta":[],"product_cat":[36],"product_tag":[642,617,87,219,590,349,478,242],"_links":{"self":[{"href":"http:\/\/www.sislibilgisayarci.com\/index.php?rest_route=\/wp\/v2\/product\/665"}],"collection":[{"href":"http:\/\/www.sislibilgisayarci.com\/index.php?rest_route=\/wp\/v2\/product"}],"about":[{"href":"http:\/\/www.sislibilgisayarci.com\/index.php?rest_route=\/wp\/v2\/types\/product"}],"wp:featuredmedia":[{"embeddable":true,"href":"http:\/\/www.sislibilgisayarci.com\/index.php?rest_route=\/wp\/v2\/media\/666"}],"wp:attachment":[{"href":"http:\/\/www.sislibilgisayarci.com\/index.php?rest_route=%2Fwp%2Fv2%2Fmedia&parent=665"}],"wp:term":[{"taxonomy":"product_cat","embeddable":true,"href":"http:\/\/www.sislibilgisayarci.com\/index.php?rest_route=%2Fwp%2Fv2%2Fproduct_cat&post=665"},{"taxonomy":"product_tag","embeddable":true,"href":"http:\/\/www.sislibilgisayarci.com\/index.php?rest_route=%2Fwp%2Fv2%2Fproduct_tag&post=665"}],"curies":[{"name":"wp","href":"https:\/\/api.w.org\/{rel}","templated":true}]}}