{"id":702,"date":"2017-02-14T08:18:29","date_gmt":"2017-02-14T08:18:29","guid":{"rendered":"https:\/\/www.sislibilgisayarci.com\/?product=macbook-pro-13-a1278-alt-kapak-604-1822-a"},"modified":"2024-04-06T09:14:29","modified_gmt":"2024-04-06T09:14:29","slug":"macbook-pro-13-a1278-alt-kapak-604-1822-a","status":"publish","type":"product","link":"http:\/\/www.sislibilgisayarci.com\/?product=macbook-pro-13-a1278-alt-kapak-604-1822-a","title":{"rendered":"MacBook Pro 13 , A1278 alt kapak, 604-1822-A"},"content":{"rendered":"<p>\u00dcr\u00fcn 2. eldir.<\/p>\n<p>Kargo \u00fccreti m\u00fc\u015fteriye aittir.<\/p>\n<p>Baz\u0131 yerlerinde ezilmeler mevcuttur ayak lastiklerinden 2&#8217;si eksiktir.<\/p>\n","protected":false},"excerpt":{"rendered":"<p>\u00dcr\u00fcn 2. eldir. Kargo \u00fccreti m\u00fc\u015fteriye aittir. Baz\u0131 yerlerinde ezilmeler mevcuttur ayak lastiklerinden 2&#8217;si eksiktir.<\/p>\n","protected":false},"featured_media":0,"template":"","meta":[],"product_cat":[27],"product_tag":[668,677,46,653,620,654,655],"_links":{"self":[{"href":"http:\/\/www.sislibilgisayarci.com\/index.php?rest_route=\/wp\/v2\/product\/702"}],"collection":[{"href":"http:\/\/www.sislibilgisayarci.com\/index.php?rest_route=\/wp\/v2\/product"}],"about":[{"href":"http:\/\/www.sislibilgisayarci.com\/index.php?rest_route=\/wp\/v2\/types\/product"}],"wp:attachment":[{"href":"http:\/\/www.sislibilgisayarci.com\/index.php?rest_route=%2Fwp%2Fv2%2Fmedia&parent=702"}],"wp:term":[{"taxonomy":"product_cat","embeddable":true,"href":"http:\/\/www.sislibilgisayarci.com\/index.php?rest_route=%2Fwp%2Fv2%2Fproduct_cat&post=702"},{"taxonomy":"product_tag","embeddable":true,"href":"http:\/\/www.sislibilgisayarci.com\/index.php?rest_route=%2Fwp%2Fv2%2Fproduct_tag&post=702"}],"curies":[{"name":"wp","href":"https:\/\/api.w.org\/{rel}","templated":true}]}}