{"id":746,"date":"2017-02-23T13:12:12","date_gmt":"2017-02-23T13:12:12","guid":{"rendered":"https:\/\/www.sislibilgisayarci.com\/?product=casper-c15b-cgu-hdd-yuvasi"},"modified":"2024-04-06T09:14:27","modified_gmt":"2024-04-06T09:14:27","slug":"casper-c15b-cgu-hdd-yuvasi","status":"publish","type":"product","link":"http:\/\/www.sislibilgisayarci.com\/?product=casper-c15b-cgu-hdd-yuvasi","title":{"rendered":"Casper C15B &#8211; CGU HDD Yuvas\u0131"},"content":{"rendered":"<p>\u00dcr\u00fcn ikinci eldir.<\/p>\n<p>Kargo m\u00fc\u015fteriye aittir.<\/p>\n<div id=\"PicturePanel\" class=\"pp-c\">\n<div id=\"PicturePanel\" class=\"pp-c\">\n<div class=\"pp-ic pp-ic500\">\n<div class=\"l-shad lftd img img500\">\n<h4 id=\"title\" class=\"a-size-large a-spacing-none\"><\/h4>\n<\/div>\n<\/div>\n<\/div>\n<\/div>\n","protected":false},"excerpt":{"rendered":"<p>\u00dcr\u00fcn ikinci eldir. Kargo m\u00fc\u015fteriye aittir.<\/p>\n","protected":false},"featured_media":747,"template":"","meta":[],"product_cat":[36],"product_tag":[729,714,703,731,119,41,349,118,121,730,410],"_links":{"self":[{"href":"http:\/\/www.sislibilgisayarci.com\/index.php?rest_route=\/wp\/v2\/product\/746"}],"collection":[{"href":"http:\/\/www.sislibilgisayarci.com\/index.php?rest_route=\/wp\/v2\/product"}],"about":[{"href":"http:\/\/www.sislibilgisayarci.com\/index.php?rest_route=\/wp\/v2\/types\/product"}],"wp:featuredmedia":[{"embeddable":true,"href":"http:\/\/www.sislibilgisayarci.com\/index.php?rest_route=\/wp\/v2\/media\/747"}],"wp:attachment":[{"href":"http:\/\/www.sislibilgisayarci.com\/index.php?rest_route=%2Fwp%2Fv2%2Fmedia&parent=746"}],"wp:term":[{"taxonomy":"product_cat","embeddable":true,"href":"http:\/\/www.sislibilgisayarci.com\/index.php?rest_route=%2Fwp%2Fv2%2Fproduct_cat&post=746"},{"taxonomy":"product_tag","embeddable":true,"href":"http:\/\/www.sislibilgisayarci.com\/index.php?rest_route=%2Fwp%2Fv2%2Fproduct_tag&post=746"}],"curies":[{"name":"wp","href":"https:\/\/api.w.org\/{rel}","templated":true}]}}