{"id":803,"date":"2017-03-01T12:27:00","date_gmt":"2017-03-01T12:27:00","guid":{"rendered":"https:\/\/www.sislibilgisayarci.com\/?product=acer-aspire-3680-5050-5570-5570z-5580-lcd-cover"},"modified":"2024-04-06T09:14:21","modified_gmt":"2024-04-06T09:14:21","slug":"acer-aspire-3680-5050-5570-5570z-5580-lcd-cover","status":"publish","type":"product","link":"http:\/\/www.sislibilgisayarci.com\/?product=acer-aspire-3680-5050-5570-5570z-5580-lcd-cover","title":{"rendered":"Acer Aspire 3680, 5050, 5570, 5570Z &#038; 5580 LCD cover"},"content":{"rendered":"<p>\u00dcr\u00fcn ikinci eldir.<\/p>\n<p>Kargo m\u00fc\u015fteriye aittir.<\/p>\n<p>&nbsp;<\/p>\n","protected":false},"excerpt":{"rendered":"<p>\u00dcr\u00fcn ikinci eldir. Kargo m\u00fc\u015fteriye aittir. &nbsp;<\/p>\n","protected":false},"featured_media":795,"template":"","meta":[],"product_cat":[218],"product_tag":[772,771,770,769,508,220,234],"_links":{"self":[{"href":"http:\/\/www.sislibilgisayarci.com\/index.php?rest_route=\/wp\/v2\/product\/803"}],"collection":[{"href":"http:\/\/www.sislibilgisayarci.com\/index.php?rest_route=\/wp\/v2\/product"}],"about":[{"href":"http:\/\/www.sislibilgisayarci.com\/index.php?rest_route=\/wp\/v2\/types\/product"}],"wp:featuredmedia":[{"embeddable":true,"href":"http:\/\/www.sislibilgisayarci.com\/index.php?rest_route=\/wp\/v2\/media\/795"}],"wp:attachment":[{"href":"http:\/\/www.sislibilgisayarci.com\/index.php?rest_route=%2Fwp%2Fv2%2Fmedia&parent=803"}],"wp:term":[{"taxonomy":"product_cat","embeddable":true,"href":"http:\/\/www.sislibilgisayarci.com\/index.php?rest_route=%2Fwp%2Fv2%2Fproduct_cat&post=803"},{"taxonomy":"product_tag","embeddable":true,"href":"http:\/\/www.sislibilgisayarci.com\/index.php?rest_route=%2Fwp%2Fv2%2Fproduct_tag&post=803"}],"curies":[{"name":"wp","href":"https:\/\/api.w.org\/{rel}","templated":true}]}}