{"id":813,"date":"2017-03-01T13:51:05","date_gmt":"2017-03-01T13:51:05","guid":{"rendered":"https:\/\/www.sislibilgisayarci.com\/?product=acer-aspire-3680-sogutucu-ve-fan-gc055515vh-a"},"modified":"2024-04-06T09:14:20","modified_gmt":"2024-04-06T09:14:20","slug":"acer-aspire-3680-sogutucu-ve-fan-gc055515vh-a","status":"publish","type":"product","link":"http:\/\/www.sislibilgisayarci.com\/?product=acer-aspire-3680-sogutucu-ve-fan-gc055515vh-a","title":{"rendered":"Acer Aspire 3680 So\u011futucu ve Fan GC055515VH-A"},"content":{"rendered":"<p>\u00dcr\u00fcn ikinci eldir.<\/p>\n<p>Kargo m\u00fc\u015fteriye aittir.<\/p>\n<p>&nbsp;<\/p>\n<p>&nbsp;<\/p>\n<p>&nbsp;<\/p>\n","protected":false},"excerpt":{"rendered":"<p>\u00dcr\u00fcn ikinci eldir. Kargo m\u00fc\u015fteriye aittir. &nbsp; &nbsp; &nbsp;<\/p>\n","protected":false},"featured_media":785,"template":"","meta":[],"product_cat":[30],"product_tag":[772,771,770,769,508,35,777,417],"_links":{"self":[{"href":"http:\/\/www.sislibilgisayarci.com\/index.php?rest_route=\/wp\/v2\/product\/813"}],"collection":[{"href":"http:\/\/www.sislibilgisayarci.com\/index.php?rest_route=\/wp\/v2\/product"}],"about":[{"href":"http:\/\/www.sislibilgisayarci.com\/index.php?rest_route=\/wp\/v2\/types\/product"}],"wp:featuredmedia":[{"embeddable":true,"href":"http:\/\/www.sislibilgisayarci.com\/index.php?rest_route=\/wp\/v2\/media\/785"}],"wp:attachment":[{"href":"http:\/\/www.sislibilgisayarci.com\/index.php?rest_route=%2Fwp%2Fv2%2Fmedia&parent=813"}],"wp:term":[{"taxonomy":"product_cat","embeddable":true,"href":"http:\/\/www.sislibilgisayarci.com\/index.php?rest_route=%2Fwp%2Fv2%2Fproduct_cat&post=813"},{"taxonomy":"product_tag","embeddable":true,"href":"http:\/\/www.sislibilgisayarci.com\/index.php?rest_route=%2Fwp%2Fv2%2Fproduct_tag&post=813"}],"curies":[{"name":"wp","href":"https:\/\/api.w.org\/{rel}","templated":true}]}}