{"id":818,"date":"2017-03-01T14:29:30","date_gmt":"2017-03-01T14:29:30","guid":{"rendered":"https:\/\/www.sislibilgisayarci.com\/?product=acer-aspire-557030503680-mentese-set-sag-sol-3bzr1hatn02-3czr1hatn03"},"modified":"2024-04-06T09:14:20","modified_gmt":"2024-04-06T09:14:20","slug":"acer-aspire-557030503680-mentese-set-sag-sol-3bzr1hatn02-3czr1hatn03","status":"publish","type":"product","link":"http:\/\/www.sislibilgisayarci.com\/?product=acer-aspire-557030503680-mentese-set-sag-sol-3bzr1hatn02-3czr1hatn03","title":{"rendered":"ACER Aspire 5570,3050,3680 Mente\u015fe Set sa\u011f-sol 3bzr1hatn02 &#8211; 3czr1hatn03"},"content":{"rendered":"<p>\u00dcr\u00fcn ikinci eldir.<\/p>\n<p>Kargo m\u00fc\u015fteriye aittir.<\/p>\n<p>&nbsp;<\/p>\n<p>&nbsp;<\/p>\n<p>&nbsp;<\/p>\n","protected":false},"excerpt":{"rendered":"<p>\u00dcr\u00fcn ikinci eldir. Kargo m\u00fc\u015fteriye aittir. &nbsp; &nbsp; &nbsp;<\/p>\n","protected":false},"featured_media":791,"template":"","meta":[],"product_cat":[43],"product_tag":[772,783,784,771,770,769,508,44,330,782,331],"_links":{"self":[{"href":"http:\/\/www.sislibilgisayarci.com\/index.php?rest_route=\/wp\/v2\/product\/818"}],"collection":[{"href":"http:\/\/www.sislibilgisayarci.com\/index.php?rest_route=\/wp\/v2\/product"}],"about":[{"href":"http:\/\/www.sislibilgisayarci.com\/index.php?rest_route=\/wp\/v2\/types\/product"}],"wp:featuredmedia":[{"embeddable":true,"href":"http:\/\/www.sislibilgisayarci.com\/index.php?rest_route=\/wp\/v2\/media\/791"}],"wp:attachment":[{"href":"http:\/\/www.sislibilgisayarci.com\/index.php?rest_route=%2Fwp%2Fv2%2Fmedia&parent=818"}],"wp:term":[{"taxonomy":"product_cat","embeddable":true,"href":"http:\/\/www.sislibilgisayarci.com\/index.php?rest_route=%2Fwp%2Fv2%2Fproduct_cat&post=818"},{"taxonomy":"product_tag","embeddable":true,"href":"http:\/\/www.sislibilgisayarci.com\/index.php?rest_route=%2Fwp%2Fv2%2Fproduct_tag&post=818"}],"curies":[{"name":"wp","href":"https:\/\/api.w.org\/{rel}","templated":true}]}}