{"id":832,"date":"2017-03-09T13:40:43","date_gmt":"2017-03-09T13:40:43","guid":{"rendered":"https:\/\/www.sislibilgisayarci.com\/?product=datron-tw7-ekran-cover-38tw7lc00603a"},"modified":"2024-04-06T09:14:19","modified_gmt":"2024-04-06T09:14:19","slug":"datron-tw7-ekran-cover-38tw7lc00603a","status":"publish","type":"product","link":"http:\/\/www.sislibilgisayarci.com\/?product=datron-tw7-ekran-cover-38tw7lc00603a","title":{"rendered":"Datron TW7 Ekran Cover 38TW7lc00603a"},"content":{"rendered":"<p>\u00dcr\u00fcn ikinci eldir.<\/p>\n<p>Kargo m\u00fc\u015fteriye aittir.<\/p>\n<p>&nbsp;<\/p>\n<p>&nbsp;<\/p>\n<p>&nbsp;<\/p>\n","protected":false},"excerpt":{"rendered":"<p>\u00dcr\u00fcn ikinci eldir. Kargo m\u00fc\u015fteriye aittir. &nbsp; &nbsp; &nbsp;<\/p>\n","protected":false},"featured_media":833,"template":"","meta":[],"product_cat":[218],"product_tag":[798,220,790,219,794],"_links":{"self":[{"href":"http:\/\/www.sislibilgisayarci.com\/index.php?rest_route=\/wp\/v2\/product\/832"}],"collection":[{"href":"http:\/\/www.sislibilgisayarci.com\/index.php?rest_route=\/wp\/v2\/product"}],"about":[{"href":"http:\/\/www.sislibilgisayarci.com\/index.php?rest_route=\/wp\/v2\/types\/product"}],"wp:featuredmedia":[{"embeddable":true,"href":"http:\/\/www.sislibilgisayarci.com\/index.php?rest_route=\/wp\/v2\/media\/833"}],"wp:attachment":[{"href":"http:\/\/www.sislibilgisayarci.com\/index.php?rest_route=%2Fwp%2Fv2%2Fmedia&parent=832"}],"wp:term":[{"taxonomy":"product_cat","embeddable":true,"href":"http:\/\/www.sislibilgisayarci.com\/index.php?rest_route=%2Fwp%2Fv2%2Fproduct_cat&post=832"},{"taxonomy":"product_tag","embeddable":true,"href":"http:\/\/www.sislibilgisayarci.com\/index.php?rest_route=%2Fwp%2Fv2%2Fproduct_tag&post=832"}],"curies":[{"name":"wp","href":"https:\/\/api.w.org\/{rel}","templated":true}]}}