{"id":838,"date":"2017-03-09T14:02:41","date_gmt":"2017-03-09T14:02:41","guid":{"rendered":"https:\/\/www.sislibilgisayarci.com\/?product=datron-tw7-mentese-sag-sol-takim-fbtw7009010-fbtw7010010"},"modified":"2024-04-06T09:14:18","modified_gmt":"2024-04-06T09:14:18","slug":"datron-tw7-mentese-sag-sol-takim-fbtw7009010-fbtw7010010","status":"publish","type":"product","link":"http:\/\/www.sislibilgisayarci.com\/?product=datron-tw7-mentese-sag-sol-takim-fbtw7009010-fbtw7010010","title":{"rendered":"Datron TW7 Mente\u015fe Sa\u011f Sol Tak\u0131m FBTW7009010 &#8211; FBTW7010010"},"content":{"rendered":"<p>\u00dcr\u00fcn ikinci eldir.<\/p>\n<p>Kargo m\u00fc\u015fteriye aittir.<\/p>\n<p>Doluluk durumu bilinmiyor<\/p>\n<p>&nbsp;<\/p>\n<p>&nbsp;<\/p>\n<p>&nbsp;<\/p>\n","protected":false},"excerpt":{"rendered":"<p>\u00dcr\u00fcn ikinci eldir. Kargo m\u00fc\u015fteriye aittir. Doluluk durumu bilinmiyor &nbsp; &nbsp; &nbsp;<\/p>\n","protected":false},"featured_media":839,"template":"","meta":[],"product_cat":[43],"product_tag":[790,802,803,44,330,331,636,794],"_links":{"self":[{"href":"http:\/\/www.sislibilgisayarci.com\/index.php?rest_route=\/wp\/v2\/product\/838"}],"collection":[{"href":"http:\/\/www.sislibilgisayarci.com\/index.php?rest_route=\/wp\/v2\/product"}],"about":[{"href":"http:\/\/www.sislibilgisayarci.com\/index.php?rest_route=\/wp\/v2\/types\/product"}],"wp:featuredmedia":[{"embeddable":true,"href":"http:\/\/www.sislibilgisayarci.com\/index.php?rest_route=\/wp\/v2\/media\/839"}],"wp:attachment":[{"href":"http:\/\/www.sislibilgisayarci.com\/index.php?rest_route=%2Fwp%2Fv2%2Fmedia&parent=838"}],"wp:term":[{"taxonomy":"product_cat","embeddable":true,"href":"http:\/\/www.sislibilgisayarci.com\/index.php?rest_route=%2Fwp%2Fv2%2Fproduct_cat&post=838"},{"taxonomy":"product_tag","embeddable":true,"href":"http:\/\/www.sislibilgisayarci.com\/index.php?rest_route=%2Fwp%2Fv2%2Fproduct_tag&post=838"}],"curies":[{"name":"wp","href":"https:\/\/api.w.org\/{rel}","templated":true}]}}