{"id":881,"date":"2017-03-10T10:05:15","date_gmt":"2017-03-10T10:05:15","guid":{"rendered":"https:\/\/www.sislibilgisayarci.com\/?product=harddisk-kapagi-toshiba-satellite-a100-936-a105-v000921860-6070b0091201"},"modified":"2024-04-06T09:14:16","modified_gmt":"2024-04-06T09:14:16","slug":"harddisk-kapagi-toshiba-satellite-a100-936-a105-v000921860-6070b0091201","status":"publish","type":"product","link":"http:\/\/www.sislibilgisayarci.com\/?product=harddisk-kapagi-toshiba-satellite-a100-936-a105-v000921860-6070b0091201","title":{"rendered":"Harddisk, Kapa\u011f\u0131, Toshiba, Satellite, A100-936, A105, V000921860, 6070B0091201"},"content":{"rendered":"<p>\u00dcr\u00fcn ikinci eldir.<\/p>\n<p>Kargo m\u00fc\u015fteriye aittir.<\/p>\n<p>&nbsp;<\/p>\n","protected":false},"excerpt":{"rendered":"<p>\u00dcr\u00fcn ikinci eldir. Kargo m\u00fc\u015fteriye aittir. &nbsp;<\/p>\n","protected":false},"featured_media":872,"template":"","meta":[],"product_cat":[380],"product_tag":[826,823,824,119,384,50,69,825],"_links":{"self":[{"href":"http:\/\/www.sislibilgisayarci.com\/index.php?rest_route=\/wp\/v2\/product\/881"}],"collection":[{"href":"http:\/\/www.sislibilgisayarci.com\/index.php?rest_route=\/wp\/v2\/product"}],"about":[{"href":"http:\/\/www.sislibilgisayarci.com\/index.php?rest_route=\/wp\/v2\/types\/product"}],"wp:featuredmedia":[{"embeddable":true,"href":"http:\/\/www.sislibilgisayarci.com\/index.php?rest_route=\/wp\/v2\/media\/872"}],"wp:attachment":[{"href":"http:\/\/www.sislibilgisayarci.com\/index.php?rest_route=%2Fwp%2Fv2%2Fmedia&parent=881"}],"wp:term":[{"taxonomy":"product_cat","embeddable":true,"href":"http:\/\/www.sislibilgisayarci.com\/index.php?rest_route=%2Fwp%2Fv2%2Fproduct_cat&post=881"},{"taxonomy":"product_tag","embeddable":true,"href":"http:\/\/www.sislibilgisayarci.com\/index.php?rest_route=%2Fwp%2Fv2%2Fproduct_tag&post=881"}],"curies":[{"name":"wp","href":"https:\/\/api.w.org\/{rel}","templated":true}]}}