{"id":884,"date":"2017-03-10T10:11:25","date_gmt":"2017-03-10T10:11:25","guid":{"rendered":"https:\/\/www.sislibilgisayarci.com\/?product=toshiba-satellite-a100-lcd-cerceve-15-4-6070b0082201"},"modified":"2024-04-06T09:14:15","modified_gmt":"2024-04-06T09:14:15","slug":"toshiba-satellite-a100-lcd-cerceve-15-4-6070b0082201","status":"publish","type":"product","link":"http:\/\/www.sislibilgisayarci.com\/?product=toshiba-satellite-a100-lcd-cerceve-15-4-6070b0082201","title":{"rendered":"TOSH\u0130BA SATELL\u0130TE A100 MENTE\u015eE SET \u00c7ITALAR DAH\u0130L"},"content":{"rendered":"<p>\u00dcr\u00fcn ikinci eldir.<\/p>\n<p>Kargo m\u00fc\u015fteriye aittir.<\/p>\n<p>&nbsp;<\/p>\n","protected":false},"excerpt":{"rendered":"<p>\u00dcr\u00fcn ikinci eldir. Kargo m\u00fc\u015fteriye aittir. &nbsp;<\/p>\n","protected":false},"featured_media":886,"template":"","meta":[],"product_cat":[43],"product_tag":[813,830,831,44,330,50,782,331,69],"_links":{"self":[{"href":"http:\/\/www.sislibilgisayarci.com\/index.php?rest_route=\/wp\/v2\/product\/884"}],"collection":[{"href":"http:\/\/www.sislibilgisayarci.com\/index.php?rest_route=\/wp\/v2\/product"}],"about":[{"href":"http:\/\/www.sislibilgisayarci.com\/index.php?rest_route=\/wp\/v2\/types\/product"}],"wp:featuredmedia":[{"embeddable":true,"href":"http:\/\/www.sislibilgisayarci.com\/index.php?rest_route=\/wp\/v2\/media\/886"}],"wp:attachment":[{"href":"http:\/\/www.sislibilgisayarci.com\/index.php?rest_route=%2Fwp%2Fv2%2Fmedia&parent=884"}],"wp:term":[{"taxonomy":"product_cat","embeddable":true,"href":"http:\/\/www.sislibilgisayarci.com\/index.php?rest_route=%2Fwp%2Fv2%2Fproduct_cat&post=884"},{"taxonomy":"product_tag","embeddable":true,"href":"http:\/\/www.sislibilgisayarci.com\/index.php?rest_route=%2Fwp%2Fv2%2Fproduct_tag&post=884"}],"curies":[{"name":"wp","href":"https:\/\/api.w.org\/{rel}","templated":true}]}}