{"id":893,"date":"2017-03-10T10:46:18","date_gmt":"2017-03-10T10:46:18","guid":{"rendered":"https:\/\/www.sislibilgisayarci.com\/?product=toshiba-v000060520-satellite-a100-usb-karti-portu-6050a2044201"},"modified":"2024-04-06T09:14:15","modified_gmt":"2024-04-06T09:14:15","slug":"toshiba-v000060520-satellite-a100-usb-karti-portu-6050a2044201","status":"publish","type":"product","link":"http:\/\/www.sislibilgisayarci.com\/?product=toshiba-v000060520-satellite-a100-usb-karti-portu-6050a2044201","title":{"rendered":"Toshiba V000060520 Satellite A100 USB Kart\u0131, Portu, 6050A2044201"},"content":{"rendered":"<p>\u00dcr\u00fcn ikinci eldir.<\/p>\n<p>Kargo m\u00fc\u015fteriye aittir.<\/p>\n<p>&nbsp;<\/p>\n","protected":false},"excerpt":{"rendered":"<p>\u00dcr\u00fcn ikinci eldir. Kargo m\u00fc\u015fteriye aittir. &nbsp;<\/p>\n","protected":false},"featured_media":894,"template":"","meta":[],"product_cat":[36],"product_tag":[839,813,349,438,50,69,37,838],"_links":{"self":[{"href":"http:\/\/www.sislibilgisayarci.com\/index.php?rest_route=\/wp\/v2\/product\/893"}],"collection":[{"href":"http:\/\/www.sislibilgisayarci.com\/index.php?rest_route=\/wp\/v2\/product"}],"about":[{"href":"http:\/\/www.sislibilgisayarci.com\/index.php?rest_route=\/wp\/v2\/types\/product"}],"wp:featuredmedia":[{"embeddable":true,"href":"http:\/\/www.sislibilgisayarci.com\/index.php?rest_route=\/wp\/v2\/media\/894"}],"wp:attachment":[{"href":"http:\/\/www.sislibilgisayarci.com\/index.php?rest_route=%2Fwp%2Fv2%2Fmedia&parent=893"}],"wp:term":[{"taxonomy":"product_cat","embeddable":true,"href":"http:\/\/www.sislibilgisayarci.com\/index.php?rest_route=%2Fwp%2Fv2%2Fproduct_cat&post=893"},{"taxonomy":"product_tag","embeddable":true,"href":"http:\/\/www.sislibilgisayarci.com\/index.php?rest_route=%2Fwp%2Fv2%2Fproduct_tag&post=893"}],"curies":[{"name":"wp","href":"https:\/\/api.w.org\/{rel}","templated":true}]}}