{"id":927,"date":"2017-03-13T10:32:16","date_gmt":"2017-03-13T10:32:16","guid":{"rendered":"https:\/\/www.sislibilgisayarci.com\/?product=hp-cq-61-mentese-15-6-fb0p6029010-fb0p6028010"},"modified":"2024-04-06T09:14:14","modified_gmt":"2024-04-06T09:14:14","slug":"hp-cq-61-mentese-15-6-fb0p6029010-fb0p6028010","status":"publish","type":"product","link":"http:\/\/www.sislibilgisayarci.com\/?product=hp-cq-61-mentese-15-6-fb0p6029010-fb0p6028010","title":{"rendered":"Hp CQ-61 Mente\u015fe 15.6&#8243; FB0P6029010 FB0P6028010"},"content":{"rendered":"<p>\u00dcr\u00fcn ikinci eldir.<\/p>\n<p>Kargo m\u00fc\u015fteriye aittir.<\/p>\n","protected":false},"excerpt":{"rendered":"<p>\u00dcr\u00fcn ikinci eldir. Kargo m\u00fc\u015fteriye aittir.<\/p>\n","protected":false},"featured_media":928,"template":"","meta":[],"product_cat":[43],"product_tag":[872,870,873,77,44],"_links":{"self":[{"href":"http:\/\/www.sislibilgisayarci.com\/index.php?rest_route=\/wp\/v2\/product\/927"}],"collection":[{"href":"http:\/\/www.sislibilgisayarci.com\/index.php?rest_route=\/wp\/v2\/product"}],"about":[{"href":"http:\/\/www.sislibilgisayarci.com\/index.php?rest_route=\/wp\/v2\/types\/product"}],"wp:featuredmedia":[{"embeddable":true,"href":"http:\/\/www.sislibilgisayarci.com\/index.php?rest_route=\/wp\/v2\/media\/928"}],"wp:attachment":[{"href":"http:\/\/www.sislibilgisayarci.com\/index.php?rest_route=%2Fwp%2Fv2%2Fmedia&parent=927"}],"wp:term":[{"taxonomy":"product_cat","embeddable":true,"href":"http:\/\/www.sislibilgisayarci.com\/index.php?rest_route=%2Fwp%2Fv2%2Fproduct_cat&post=927"},{"taxonomy":"product_tag","embeddable":true,"href":"http:\/\/www.sislibilgisayarci.com\/index.php?rest_route=%2Fwp%2Fv2%2Fproduct_tag&post=927"}],"curies":[{"name":"wp","href":"https:\/\/api.w.org\/{rel}","templated":true}]}}