{"id":957,"date":"2017-03-16T11:56:46","date_gmt":"2017-03-16T11:56:46","guid":{"rendered":"https:\/\/www.sislibilgisayarci.com\/?product=asus-f80s-ust-kasa"},"modified":"2024-04-06T09:14:13","modified_gmt":"2024-04-06T09:14:13","slug":"asus-f80s-ust-kasa","status":"publish","type":"product","link":"http:\/\/www.sislibilgisayarci.com\/?product=asus-f80s-ust-kasa","title":{"rendered":"ASUS F80S \u00dcST KASA"},"content":{"rendered":"<p>\u00dcr\u00fcn ikinci eldir.<\/p>\n<p>Kargo m\u00fc\u015fteriye aittir.<\/p>\n<p>Power d\u00fc\u011fmesi sorunlu<\/p>\n<p>&nbsp;<\/p>\n","protected":false},"excerpt":{"rendered":"<p>\u00dcr\u00fcn ikinci eldir. Kargo m\u00fc\u015fteriye aittir. Power d\u00fc\u011fmesi sorunlu &nbsp;<\/p>\n","protected":false},"featured_media":958,"template":"","meta":[],"product_cat":[213],"product_tag":[471,894,47,216],"_links":{"self":[{"href":"http:\/\/www.sislibilgisayarci.com\/index.php?rest_route=\/wp\/v2\/product\/957"}],"collection":[{"href":"http:\/\/www.sislibilgisayarci.com\/index.php?rest_route=\/wp\/v2\/product"}],"about":[{"href":"http:\/\/www.sislibilgisayarci.com\/index.php?rest_route=\/wp\/v2\/types\/product"}],"wp:featuredmedia":[{"embeddable":true,"href":"http:\/\/www.sislibilgisayarci.com\/index.php?rest_route=\/wp\/v2\/media\/958"}],"wp:attachment":[{"href":"http:\/\/www.sislibilgisayarci.com\/index.php?rest_route=%2Fwp%2Fv2%2Fmedia&parent=957"}],"wp:term":[{"taxonomy":"product_cat","embeddable":true,"href":"http:\/\/www.sislibilgisayarci.com\/index.php?rest_route=%2Fwp%2Fv2%2Fproduct_cat&post=957"},{"taxonomy":"product_tag","embeddable":true,"href":"http:\/\/www.sislibilgisayarci.com\/index.php?rest_route=%2Fwp%2Fv2%2Fproduct_tag&post=957"}],"curies":[{"name":"wp","href":"https:\/\/api.w.org\/{rel}","templated":true}]}}