{"id":970,"date":"2017-03-16T12:36:59","date_gmt":"2017-03-16T12:36:59","guid":{"rendered":"https:\/\/www.sislibilgisayarci.com\/?product=asus-f80s-laptop-mentese-sag-ve-sol-citalari-ile-birlikte"},"modified":"2024-04-06T09:14:12","modified_gmt":"2024-04-06T09:14:12","slug":"asus-f80s-laptop-mentese-sag-ve-sol-citalari-ile-birlikte","status":"publish","type":"product","link":"http:\/\/www.sislibilgisayarci.com\/?product=asus-f80s-laptop-mentese-sag-ve-sol-citalari-ile-birlikte","title":{"rendered":"Asus F80s Laptop Mente\u015fe Sa\u011f ve Sol \u00c7\u0131talar\u0131 ile Birlikte"},"content":{"rendered":"<p>\u00dcr\u00fcn ikinci eldir.<\/p>\n<p>Kargo m\u00fc\u015fteriye aittir.<\/p>\n<p>&nbsp;<\/p>\n","protected":false},"excerpt":{"rendered":"<p>\u00dcr\u00fcn ikinci eldir. Kargo m\u00fc\u015fteriye aittir. &nbsp;<\/p>\n","protected":false},"featured_media":972,"template":"","meta":[],"product_cat":[43],"product_tag":[471,830,894,673,44,330,331,636],"_links":{"self":[{"href":"http:\/\/www.sislibilgisayarci.com\/index.php?rest_route=\/wp\/v2\/product\/970"}],"collection":[{"href":"http:\/\/www.sislibilgisayarci.com\/index.php?rest_route=\/wp\/v2\/product"}],"about":[{"href":"http:\/\/www.sislibilgisayarci.com\/index.php?rest_route=\/wp\/v2\/types\/product"}],"wp:featuredmedia":[{"embeddable":true,"href":"http:\/\/www.sislibilgisayarci.com\/index.php?rest_route=\/wp\/v2\/media\/972"}],"wp:attachment":[{"href":"http:\/\/www.sislibilgisayarci.com\/index.php?rest_route=%2Fwp%2Fv2%2Fmedia&parent=970"}],"wp:term":[{"taxonomy":"product_cat","embeddable":true,"href":"http:\/\/www.sislibilgisayarci.com\/index.php?rest_route=%2Fwp%2Fv2%2Fproduct_cat&post=970"},{"taxonomy":"product_tag","embeddable":true,"href":"http:\/\/www.sislibilgisayarci.com\/index.php?rest_route=%2Fwp%2Fv2%2Fproduct_tag&post=970"}],"curies":[{"name":"wp","href":"https:\/\/api.w.org\/{rel}","templated":true}]}}