{"id":1040,"date":"2017-03-31T15:29:11","date_gmt":"2017-03-31T15:29:11","guid":{"rendered":"https:\/\/www.sislibilgisayarci.com\/?product=azurewaverealtek-rtl8187b-mini-pci-express-wireless-karti"},"modified":"2024-04-06T09:14:09","modified_gmt":"2024-04-06T09:14:09","slug":"azurewaverealtek-rtl8187b-mini-pci-express-wireless-karti","status":"publish","type":"product","link":"https:\/\/www.sislibilgisayarci.com\/?product=azurewaverealtek-rtl8187b-mini-pci-express-wireless-karti","title":{"rendered":"AZUREWAVE\/REALTEK RTL8187B MINI PCI-EXPRESS WIRELESS KARTI"},"content":{"rendered":"<p>\u00dcr\u00fcn ikinci eldir.<\/p>\n<p>Kargo m\u00fc\u015fteriye aittir.<\/p>\n<p>&nbsp;<\/p>\n","protected":false},"excerpt":{"rendered":"<p>\u00dcr\u00fcn ikinci eldir. Kargo m\u00fc\u015fteriye aittir. &nbsp;<\/p>\n","protected":false},"featured_media":1041,"template":"","meta":[],"product_cat":[355],"product_tag":[465,349,962,365,969,967,968,114],"_links":{"self":[{"href":"https:\/\/www.sislibilgisayarci.com\/index.php?rest_route=\/wp\/v2\/product\/1040"}],"collection":[{"href":"https:\/\/www.sislibilgisayarci.com\/index.php?rest_route=\/wp\/v2\/product"}],"about":[{"href":"https:\/\/www.sislibilgisayarci.com\/index.php?rest_route=\/wp\/v2\/types\/product"}],"wp:featuredmedia":[{"embeddable":true,"href":"https:\/\/www.sislibilgisayarci.com\/index.php?rest_route=\/wp\/v2\/media\/1041"}],"wp:attachment":[{"href":"https:\/\/www.sislibilgisayarci.com\/index.php?rest_route=%2Fwp%2Fv2%2Fmedia&parent=1040"}],"wp:term":[{"taxonomy":"product_cat","embeddable":true,"href":"https:\/\/www.sislibilgisayarci.com\/index.php?rest_route=%2Fwp%2Fv2%2Fproduct_cat&post=1040"},{"taxonomy":"product_tag","embeddable":true,"href":"https:\/\/www.sislibilgisayarci.com\/index.php?rest_route=%2Fwp%2Fv2%2Fproduct_tag&post=1040"}],"curies":[{"name":"wp","href":"https:\/\/api.w.org\/{rel}","templated":true}]}}