{"id":1084,"date":"2017-04-24T14:18:49","date_gmt":"2017-04-24T14:18:49","guid":{"rendered":"https:\/\/www.sislibilgisayarci.com\/?product=hp-pavilion-dv6-1125et-power-jack"},"modified":"2024-04-06T09:14:06","modified_gmt":"2024-04-06T09:14:06","slug":"hp-pavilion-dv6-1125et-power-jack","status":"publish","type":"product","link":"https:\/\/www.sislibilgisayarci.com\/?product=hp-pavilion-dv6-1125et-power-jack","title":{"rendered":"HP Pavilion DV6-1125et  Power Jack"},"content":{"rendered":"<p>\u00dcr\u00fcn ikinci eldir.<\/p>\n<p>Kargo m\u00fc\u015fteriye aittir.<\/p>\n<p>&nbsp;<\/p>\n<p>&nbsp;<\/p>\n","protected":false},"excerpt":{"rendered":"<p>\u00dcr\u00fcn ikinci eldir. Kargo m\u00fc\u015fteriye aittir. &nbsp; &nbsp;<\/p>\n","protected":false},"featured_media":1085,"template":"","meta":[],"product_cat":[368],"product_tag":[987,77,344,236,204,228],"_links":{"self":[{"href":"https:\/\/www.sislibilgisayarci.com\/index.php?rest_route=\/wp\/v2\/product\/1084"}],"collection":[{"href":"https:\/\/www.sislibilgisayarci.com\/index.php?rest_route=\/wp\/v2\/product"}],"about":[{"href":"https:\/\/www.sislibilgisayarci.com\/index.php?rest_route=\/wp\/v2\/types\/product"}],"wp:featuredmedia":[{"embeddable":true,"href":"https:\/\/www.sislibilgisayarci.com\/index.php?rest_route=\/wp\/v2\/media\/1085"}],"wp:attachment":[{"href":"https:\/\/www.sislibilgisayarci.com\/index.php?rest_route=%2Fwp%2Fv2%2Fmedia&parent=1084"}],"wp:term":[{"taxonomy":"product_cat","embeddable":true,"href":"https:\/\/www.sislibilgisayarci.com\/index.php?rest_route=%2Fwp%2Fv2%2Fproduct_cat&post=1084"},{"taxonomy":"product_tag","embeddable":true,"href":"https:\/\/www.sislibilgisayarci.com\/index.php?rest_route=%2Fwp%2Fv2%2Fproduct_tag&post=1084"}],"curies":[{"name":"wp","href":"https:\/\/api.w.org\/{rel}","templated":true}]}}