{"id":1094,"date":"2017-04-26T08:59:30","date_gmt":"2017-04-26T08:59:30","guid":{"rendered":"https:\/\/www.sislibilgisayarci.com\/?product=hp-compaq-presario-cq61-klavye-0p6-ae0p6a00310"},"modified":"2024-04-06T09:14:05","modified_gmt":"2024-04-06T09:14:05","slug":"hp-compaq-presario-cq61-klavye-0p6-ae0p6a00310","status":"publish","type":"product","link":"https:\/\/www.sislibilgisayarci.com\/?product=hp-compaq-presario-cq61-klavye-0p6-ae0p6a00310","title":{"rendered":"Hp Compaq Presario CQ61 Klavye 0P6 Ae0p6a00310"},"content":{"rendered":"<p>\u00dcr\u00fcn ikinci eldir.<\/p>\n<p>Kargo m\u00fc\u015fteriye aittir.<\/p>\n","protected":false},"excerpt":{"rendered":"<p>\u00dcr\u00fcn ikinci eldir. Kargo m\u00fc\u015fteriye aittir.<\/p>\n","protected":false},"featured_media":1095,"template":"","meta":[],"product_cat":[48],"product_tag":[1008,1009,429,855,77,52,863],"_links":{"self":[{"href":"https:\/\/www.sislibilgisayarci.com\/index.php?rest_route=\/wp\/v2\/product\/1094"}],"collection":[{"href":"https:\/\/www.sislibilgisayarci.com\/index.php?rest_route=\/wp\/v2\/product"}],"about":[{"href":"https:\/\/www.sislibilgisayarci.com\/index.php?rest_route=\/wp\/v2\/types\/product"}],"wp:featuredmedia":[{"embeddable":true,"href":"https:\/\/www.sislibilgisayarci.com\/index.php?rest_route=\/wp\/v2\/media\/1095"}],"wp:attachment":[{"href":"https:\/\/www.sislibilgisayarci.com\/index.php?rest_route=%2Fwp%2Fv2%2Fmedia&parent=1094"}],"wp:term":[{"taxonomy":"product_cat","embeddable":true,"href":"https:\/\/www.sislibilgisayarci.com\/index.php?rest_route=%2Fwp%2Fv2%2Fproduct_cat&post=1094"},{"taxonomy":"product_tag","embeddable":true,"href":"https:\/\/www.sislibilgisayarci.com\/index.php?rest_route=%2Fwp%2Fv2%2Fproduct_tag&post=1094"}],"curies":[{"name":"wp","href":"https:\/\/api.w.org\/{rel}","templated":true}]}}