{"id":1102,"date":"2017-04-26T11:06:55","date_gmt":"2017-04-26T11:06:55","guid":{"rendered":"https:\/\/www.sislibilgisayarci.com\/?product=hp-compaq-presario-wi-fi-slotu-kapagi-390p6wdtp00"},"modified":"2024-04-06T09:14:04","modified_gmt":"2024-04-06T09:14:04","slug":"hp-compaq-presario-wi-fi-slotu-kapagi-390p6wdtp00","status":"publish","type":"product","link":"https:\/\/www.sislibilgisayarci.com\/?product=hp-compaq-presario-wi-fi-slotu-kapagi-390p6wdtp00","title":{"rendered":"Hp Compaq Presario Wi-fi Slotu Kapa\u011f\u0131 390p6wdtp00"},"content":{"rendered":"<p>\u00dcr\u00fcn ikinci eldir.<\/p>\n<p>Kargo m\u00fc\u015fteriye aittir.<\/p>\n","protected":false},"excerpt":{"rendered":"<p>\u00dcr\u00fcn ikinci eldir. Kargo m\u00fc\u015fteriye aittir.<\/p>\n","protected":false},"featured_media":1103,"template":"","meta":[],"product_cat":[380],"product_tag":[1011,429,855,77,384,863,779],"_links":{"self":[{"href":"https:\/\/www.sislibilgisayarci.com\/index.php?rest_route=\/wp\/v2\/product\/1102"}],"collection":[{"href":"https:\/\/www.sislibilgisayarci.com\/index.php?rest_route=\/wp\/v2\/product"}],"about":[{"href":"https:\/\/www.sislibilgisayarci.com\/index.php?rest_route=\/wp\/v2\/types\/product"}],"wp:featuredmedia":[{"embeddable":true,"href":"https:\/\/www.sislibilgisayarci.com\/index.php?rest_route=\/wp\/v2\/media\/1103"}],"wp:attachment":[{"href":"https:\/\/www.sislibilgisayarci.com\/index.php?rest_route=%2Fwp%2Fv2%2Fmedia&parent=1102"}],"wp:term":[{"taxonomy":"product_cat","embeddable":true,"href":"https:\/\/www.sislibilgisayarci.com\/index.php?rest_route=%2Fwp%2Fv2%2Fproduct_cat&post=1102"},{"taxonomy":"product_tag","embeddable":true,"href":"https:\/\/www.sislibilgisayarci.com\/index.php?rest_route=%2Fwp%2Fv2%2Fproduct_tag&post=1102"}],"curies":[{"name":"wp","href":"https:\/\/api.w.org\/{rel}","templated":true}]}}